{"id":3413,"date":"2025-02-11T21:12:53","date_gmt":"2025-02-11T21:12:53","guid":{"rendered":"https:\/\/www.basler.com\/product\/voltage-regulation-module\/"},"modified":"2025-10-03T15:28:37","modified_gmt":"2025-10-03T20:28:37","slug":"vrm-2020-voltage-regulation-module","status":"publish","type":"product","link":"https:\/\/cn.basler.com\/fr\/product\/vrm-2020-voltage-regulation-module\/","title":{"rendered":"VRM-2020, Voltage Regulation Module"},"content":{"rendered":"<section  data-block-id=\"hammer_block_ac097b0f266422a0c464e0a2dc7c1809\" data-block=\"hero-10\" class=\"block block-hero-10 hero-10\" id=\"overview\">    <div class=\"wrapper\">\n        <div class=\"left_content\">\n                            <div class=\"headline-wrapper\">\n                                            <strong class=\"overline\">Accessories<\/strong>\n                    \n                    <h1 id=\"hammer_component_69deda9105f81\" data-component=\"headline\" class=\"component component-headline headline medium style-default\">VRM-2020, Voltage Regulation Module<\/h1>\n                <\/div>\n            \n            \n                                                <div class=\"buttons\">\n                                                                                                    \n                                            <\/div>\n                                    <\/div>\n\n                    <div class=\"right_content\">\n                <div class=\"slider slider-main\">\n                    <div class=\"swiper-wrapper\">\n                                                    <div class=\"swiper-slide\">\n                                                                    <figure id=\"hammer_component_69deda9106426\" data-component=\"image\" class=\"component component-image image\">\n        <picture class=\"picture\">\n            <img decoding=\"async\" width=\"1084\" height=\"600\" src=\"https:\/\/cn.basler.com\/wp-content\/uploads\/2025\/02\/1624.png\" class=\"img\" alt=\"Module r&eacute;gulateur de tension VRM-2020 avec des RTD\" loading=\"lazy\" title=\"\" srcset=\"https:\/\/cn.basler.com\/wp-content\/uploads\/2025\/02\/1624.png 1084w, https:\/\/cn.basler.com\/wp-content\/uploads\/2025\/02\/1624-768x425.png 768w, https:\/\/cn.basler.com\/wp-content\/uploads\/2025\/02\/1624-1024x567.png 1024w, https:\/\/cn.basler.com\/wp-content\/uploads\/2025\/02\/1624-150x83.png 150w, https:\/\/cn.basler.com\/wp-content\/uploads\/2025\/02\/1624-414x229.png 414w\" sizes=\"auto, (max-width: 1084px) 100vw, 1084px\">        <\/picture>\n\n            <\/figure>\n                                                            <\/div>\n                                                    <div class=\"swiper-slide\">\n                                                                    <figure id=\"hammer_component_69deda9106784\" data-component=\"image\" class=\"component component-image image\">\n        <picture class=\"picture\">\n            <img decoding=\"async\" width=\"1084\" height=\"600\" src=\"https:\/\/cn.basler.com\/wp-content\/uploads\/2025\/02\/1625.png\" class=\"img\" alt=\"Module r&eacute;gulateur de tension VRM-2020\" loading=\"lazy\" title=\"\" srcset=\"https:\/\/cn.basler.com\/wp-content\/uploads\/2025\/02\/1625.png 1084w, https:\/\/cn.basler.com\/wp-content\/uploads\/2025\/02\/1625-768x425.png 768w, https:\/\/cn.basler.com\/wp-content\/uploads\/2025\/02\/1625-1024x567.png 1024w, https:\/\/cn.basler.com\/wp-content\/uploads\/2025\/02\/1625-150x83.png 150w, https:\/\/cn.basler.com\/wp-content\/uploads\/2025\/02\/1625-414x229.png 414w\" sizes=\"auto, (max-width: 1084px) 100vw, 1084px\">        <\/picture>\n\n            <\/figure>\n                                                            <\/div>\n                                            <\/div>\n                <\/div>\n\n                                    <div class=\"slider slider-vertical\">\n                        <div class=\"swiper-wrapper\">\n                                                            <div class=\"swiper-slide\">\n                                                                            <figure id=\"hammer_component_69deda9106a0b\" data-component=\"image\" class=\"component component-image image\">\n        <picture class=\"picture\">\n            <img decoding=\"async\" width=\"1084\" height=\"600\" src=\"https:\/\/cn.basler.com\/wp-content\/uploads\/2025\/02\/1624.png\" class=\"img\" alt=\"Module r&eacute;gulateur de tension VRM-2020 avec des RTD\" loading=\"lazy\" title=\"\" srcset=\"https:\/\/cn.basler.com\/wp-content\/uploads\/2025\/02\/1624.png 1084w, https:\/\/cn.basler.com\/wp-content\/uploads\/2025\/02\/1624-768x425.png 768w, https:\/\/cn.basler.com\/wp-content\/uploads\/2025\/02\/1624-1024x567.png 1024w, https:\/\/cn.basler.com\/wp-content\/uploads\/2025\/02\/1624-150x83.png 150w, https:\/\/cn.basler.com\/wp-content\/uploads\/2025\/02\/1624-414x229.png 414w\" sizes=\"auto, (max-width: 1084px) 100vw, 1084px\">        <\/picture>\n\n            <\/figure>\n                                                                    <\/div>\n                                                            <div class=\"swiper-slide\">\n                                                                            <figure id=\"hammer_component_69deda9106c8e\" data-component=\"image\" class=\"component component-image image\">\n        <picture class=\"picture\">\n            <img decoding=\"async\" width=\"1084\" height=\"600\" src=\"https:\/\/cn.basler.com\/wp-content\/uploads\/2025\/02\/1625.png\" class=\"img\" alt=\"Module r&eacute;gulateur de tension VRM-2020\" loading=\"lazy\" title=\"\" srcset=\"https:\/\/cn.basler.com\/wp-content\/uploads\/2025\/02\/1625.png 1084w, https:\/\/cn.basler.com\/wp-content\/uploads\/2025\/02\/1625-768x425.png 768w, https:\/\/cn.basler.com\/wp-content\/uploads\/2025\/02\/1625-1024x567.png 1024w, https:\/\/cn.basler.com\/wp-content\/uploads\/2025\/02\/1625-150x83.png 150w, https:\/\/cn.basler.com\/wp-content\/uploads\/2025\/02\/1625-414x229.png 414w\" sizes=\"auto, (max-width: 1084px) 100vw, 1084px\">        <\/picture>\n\n            <\/figure>\n                                                                    <\/div>\n                                                    <\/div>\n                    <\/div>\n                            <\/div>\n            <\/div>\n    <\/section>\n\n<section  data-block-id=\"hammer_block_b04aa9452d884e3c1c1cc716f81ef1f6\" data-block=\"product-features-benefits\" class=\"block block-product-features-benefits product-features-benefits spacing-top-default spacing-bottom-default\" id=\"features-benefits\">\t<div class=\"wrapper\">\n\t\t<div class=\"headline-wrapper\">\n            <h2 id=\"hammer_component_69deda910a842\" data-component=\"headline\" class=\"component component-headline headline style-default\">&mdash; Caract&eacute;ristiques et avantages du produit<\/h2>\n\t\t<\/div>\n\n        \t\t\t<ul class=\"items\">\n                \t\t\t\t\t<li class=\"item\">\n                        <div id=\"hammer_component_69deda910a89c\" data-component=\"rich-text\" class=\"component component-rich-text rich-text\"><ul>\n<li>Expands the already extensive capabilities of the DGC-2020HD by providing field excitation for brushless exciters.<\/li>\n<li>Enhances protection by implementing up to eight RTD (resistance temperature device) inputs.<\/li>\n<li>Maintain precise genset control with the VRM-2020&rsquo;s &plusmn;0.25% regulation accuracy (no load to full load).<\/li>\n<li>The VRM-2020&rsquo;s potted design provides exceptional reliability in harsh environments, easily allowing years of worry-free operation.<\/li>\n<li>A rugged power stage creates an easy solution for applications containing high waveform distortion caused by nonlinear loading.<\/li>\n<li>Integrated generator and exciter protection ensure reliable and safe operation of the entire system.<\/li>\n<\/ul>\n<\/div>\n\t\t\t\t\t<\/li>\n                \t\t\t<\/ul>\n        \n\t<\/div>\n    <\/section>\n\n<section  data-block-id=\"hammer_block_16de315350758e05059fd3cfd77a3663\" data-block=\"product-documentation-listing\" class=\"block block-product-documentation-listing product-documentation-listing spacing-top-petit spacing-bottom-normal\" id=\"documentation\"><div id=\"listing-app\" class=\"component component-listing listing wrapper ember-entrance listing-product-documentation-listing\" data-component=\"listing\" data-fields=\"eyJwb3N0VHlwZSI6ImRvY3VtZW50IiwibGF5b3V0IjoicHJvZHVjdC1kb2N1bWVudGF0aW9uLWxpc3RpbmciLCJoZWFkbGluZSI6eyJ0ZXh0IjoiQ2VudHJlIGRlIHJlc3NvdXJjZXMiLCJodG1sVGFnIjoiaDIiLCJzdHlsZSI6ImFmZmljaGFnZS1wZXRpdCJ9LCJmaWx0ZXJzIjpbe30se31dLCJmaWx0ZXJzU3R5bGUiOiJhY2NvcmRpb24iLCJmaWx0ZXJzTW9kZSI6ImF1dG8iLCJwb3N0c1BlclBhZ2UiOiI0IiwiaGlkZUZpbHRlcnMiOnRydWUsImhpZGVQYWdpbmF0aW9uIjp0cnVlLCJzaG93U2VhcmNoIjpudWxsLCJzaG93QXBwbGllZCI6ZmFsc2UsInNob3dQZXJQYWdlRHJvcGRvd24iOnRydWUsImN0YSI6bnVsbCwiaXNQYXJlbnQiOmZhbHNlLCJzZWFyY2hUZXh0IjpudWxsLCJpZCI6ImNvbXAtNjlkZWRhOTExYWY2NiJ9\">\n        <router-view><\/router-view>\n    <script>\n        window.listingFilters = [{\"id\":\"languages\",\"title\":\"Languages\",\"hidden\":false,\"opened\":false,\"route\":{\"key\":\"languages\",\"type\":\"query\"},\"choices\":[{\"id\":522,\"title\":\"English\",\"value\":\"english\",\"parent\":false,\"checked\":false,\"opened\":false,\"categories\":[],\"sub_choices\":[]},{\"id\":523,\"title\":\"Chinese\",\"value\":\"chinese\",\"parent\":false,\"checked\":false,\"opened\":false,\"categories\":[],\"sub_choices\":[]},{\"id\":631,\"title\":\"Spanish\",\"value\":\"spanish\",\"parent\":false,\"checked\":false,\"opened\":false,\"categories\":[],\"sub_choices\":[]},{\"id\":633,\"title\":\"Portuguese\",\"value\":\"portuguese\",\"parent\":false,\"checked\":false,\"opened\":false,\"categories\":[],\"sub_choices\":[]},{\"id\":629,\"title\":\"French\",\"value\":\"french\",\"parent\":false,\"checked\":false,\"opened\":false,\"categories\":[],\"sub_choices\":[]},{\"id\":630,\"title\":\"German\",\"value\":\"german\",\"parent\":false,\"checked\":false,\"opened\":false,\"categories\":[],\"sub_choices\":[]},{\"id\":680,\"title\":\"Bulgarian\",\"value\":\"bulgarian\",\"parent\":false,\"checked\":false,\"opened\":false,\"categories\":[],\"sub_choices\":[]},{\"id\":632,\"title\":\"Japanese\",\"value\":\"japanese\",\"parent\":false,\"checked\":false,\"opened\":false,\"categories\":[],\"sub_choices\":[]},{\"id\":711,\"title\":\"Italian\",\"value\":\"italian\",\"parent\":false,\"checked\":false,\"opened\":false,\"categories\":[],\"sub_choices\":[]}]},{\"id\":\"resource-type\",\"title\":\"Resource Type\",\"hidden\":false,\"opened\":false,\"route\":{\"key\":\"resource-type\",\"type\":\"query\"},\"choices\":[]}];\n        window.listingPosts = {\"posts\":[{\"id\":5983,\"name\":\"BESTCOMS<em>Plus<\\\/em>&reg; Software (Version 5.12.01)\",\"permalink\":\"https:\\\/\\\/cn.basler.com\\\/fr\\\/document\\\/bestcomsplus\\\/\",\"image\":{\"src\":\"https:\\\/\\\/cn.basler.com\\\/wp-content\\\/uploads\\\/2025\\\/09\\\/Basler-Default-Image-768x432.jpg\",\"srcset\":\"https:\\\/\\\/cn.basler.com\\\/wp-content\\\/uploads\\\/2025\\\/09\\\/Basler-Default-Image-768x432.jpg 768w, https:\\\/\\\/cn.basler.com\\\/wp-content\\\/uploads\\\/2025\\\/09\\\/Basler-Default-Image-1024x576.jpg 1024w, https:\\\/\\\/cn.basler.com\\\/wp-content\\\/uploads\\\/2025\\\/09\\\/Basler-Default-Image-150x84.jpg 150w, https:\\\/\\\/cn.basler.com\\\/wp-content\\\/uploads\\\/2025\\\/09\\\/Basler-Default-Image-414x233.jpg 414w, https:\\\/\\\/cn.basler.com\\\/wp-content\\\/uploads\\\/2025\\\/09\\\/Basler-Default-Image-1600x900.jpg 1600w, https:\\\/\\\/cn.basler.com\\\/wp-content\\\/uploads\\\/2025\\\/09\\\/Basler-Default-Image.jpg 1920w\",\"sizes\":\"(max-width: 300px) 100vw, 300px\",\"width\":300,\"height\":169,\"alt\":\"\"},\"date\":\"3 April, 2025\",\"datetime\":1743674178,\"excerpt\":\"\",\"document-category\":\"Software\",\"document-language\":\"English\",\"document-technical-resource\":\"\",\"document-favorite\":\"Yes\",\"ep_custom_result\":\"\",\"ajax_nonce\":\"95eb93d6e4\",\"actions\":[{\"url\":\"https:\\\/\\\/cn.basler.com\\\/fr\\\/resource-hub\\\/software\\\/BESTCOMSPlus_51201_Installer.exe?_nonce=95eb93d6e4\",\"type\":\"download\",\"title\":\"Download Document\",\"file_url\":\"https:\\\/\\\/cn.basler.com\\\/fr\\\/resource-hub\\\/software\\\/BESTCOMSPlus_51201_Installer.exe?_nonce=95eb93d6e4\",\"icon\":\"<svg width=\\\"16\\\" height=\\\"16\\\" viewBox=\\\"0 0 16 16\\\" fill=\\\"none\\\" xmlns=\\\"http:\\\/\\\/www.w3.org\\\/2000\\\/svg\\\">\\n    <path fill-rule=\\\"evenodd\\\" clip-rule=\\\"evenodd\\\"\\n          d=\\\"M7.51252 0.111328L7.51247 10.462L2.94402 5.89351L2.37191 6.46562L7.91704 12.0107L13.4622 6.46558L12.8901 5.89346L8.32158 10.462L8.32161 0.111328H7.51252ZM0.31366 15.8886V11.8431H1.12275V15.0795H14.8773V11.8431H15.6864V15.8886H0.31366Z\\\"\\n          fill=\\\"currentColor\\\"\\\/>\\n<\\\/svg>\\n\",\"icon_file\":\"download-thin\"}],\"description\":\"<p>BE1-FLEX, BE1-11, BE1-700, DECS-150, DECS-250, DECS-450, DGC-2020, DGC-2020ES, DGC-2020HD<\\\/p>\\n\"}],\"total\":1,\"max_num_pages\":1};\n\t<\/script><\/div>\n    <link rel=\"stylesheet\" href=\"https:\/\/unpkg.com\/vue-multiselect\/dist\/vue-multiselect.min.css\">\n    <\/section>\n\n<section  data-block-id=\"hammer_block_b825cf1502eba9c90c6b56c65c6f79fb\" data-block=\"text-5\" class=\"block block-text-5 text-5 bg-dark spacing-top-default spacing-bottom-default\">    <div class=\"wrapper\">\n        <div class=\"contents\">\n            <div class=\"left\">\n                                    <h3 class=\"title\">\u2014 Transformer des vies avec des produits innovants et fiables, ancr\u00e9s dans l\u2019int\u00e9grit\u00e9 et la durabilit\u00e9.<\/h3>\n                \n            <\/div>\n\n            <div class=\"right\">\n                            <\/div>\n        <\/div>\n    <\/div>\n    <\/section>\n\n\n\n<section  data-block-id=\"hammer_block_4a0f48fd38f199a8307f3d1072d3be52\" data-block=\"cta-banner-8\" class=\"block block-cta-banner-8 cta-banner-8 spacing-top-default spacing-bottom-large\">    <div class=\"wrapper\">\n        <div class=\"banner\">\n                            <div class=\"headline-wrapper\">\n                                        <h2 id=\"hammer_component_69deda9159bee\" data-component=\"headline\" class=\"component component-headline headline style-default\">&mdash; Parlez-nous : votre ligne directe vers l&rsquo;assistance et les solutions.<\/h2>\n                <\/div>\n            \n                            <div class=\"text-wrapper\">\n                    <div id=\"hammer_component_69deda9159c58\" data-component=\"rich-text\" class=\"component component-rich-text rich-text\"><p>Contactez Basler Electric d&egrave;s aujourd&rsquo;hui pour obtenir des informations suppl&eacute;mentaires sur nos services et produits.<\/p>\n<\/div>\n                                            <div class=\"actions\">\n                            <a id=\"hammer_component_69deda9159cb7\" data-component=\"button\" class=\"component component-button button style-primary\" href=\"https:\/\/cn.basler.com\/fr\/contactez-nous\/\" target=\"\" title=\"Contactez-nous\" aria-label=\"Contactez-nous\">    <span class=\"button-wrapper\">\n                    <strong class=\"button-text\">Contactez-nous<\/strong>\n        \n                    <span class=\"icon-wrapper\" aria-hidden=\"true\">\n                <span class=\"button-icon\">\n                    <?xml version=\"1.0\" encoding=\"UTF-8\"?> <svg xmlns=\"http:\/\/www.w3.org\/2000\/svg\" width=\"8\" height=\"8\" viewbox=\"0 0 8 8\" fill=\"currentColor\"><path fill-rule=\"evenodd\" clip-rule=\"evenodd\" d=\"M7.25606 1.27007L0.526065 8L0 7.47393L6.73 0.743975H0.789112V0H8.00004V7.21087H7.25606V1.27007Z\" fill=\"currentColor\"><\/path><\/svg>                 <\/span>\n            <\/span>\n            <\/span>\n    <\/a>\n                        <\/div>\n                                    <\/div>\n            \n            <div id=\"hammer_component_69deda9159e20\" data-component=\"image-video\" class=\"component component-image-video image-video\"><figure id=\"hammer_component_69deda9159e45\" data-component=\"image\" class=\"component component-image image has-overlay\">\n        <picture class=\"picture\">\n            <img decoding=\"async\" width=\"1560\" height=\"720\" src=\"https:\/\/cn.basler.com\/wp-content\/uploads\/2024\/11\/Banner-1.jpg\" class=\"img\" alt=\"\" loading=\"lazy\" title=\"\" srcset=\"https:\/\/cn.basler.com\/wp-content\/uploads\/2024\/11\/Banner-1.jpg 1560w, https:\/\/cn.basler.com\/wp-content\/uploads\/2024\/11\/Banner-1-768x354.jpg 768w, https:\/\/cn.basler.com\/wp-content\/uploads\/2024\/11\/Banner-1-1024x473.jpg 1024w, https:\/\/cn.basler.com\/wp-content\/uploads\/2024\/11\/Banner-1-150x69.jpg 150w, https:\/\/cn.basler.com\/wp-content\/uploads\/2024\/11\/Banner-1-414x191.jpg 414w\" sizes=\"auto, (max-width: 1560px) 100vw, 1560px\">        <\/picture>\n\n            <\/figure>\n<\/div>\n        <\/div>\n    <\/div>\n    <\/section>","protected":false},"excerpt":{"rendered":"","protected":false},"author":1,"featured_media":3414,"parent":0,"menu_order":75,"template":"","product-category":[642,671,686],"class_list":["post-3413","product","type-product","status-publish","has-post-thumbnail","hentry","product-category-accessories","product-category-expansion-modules","product-category-genset-control-accessories"],"acf":[],"yoast_head":"<!-- This site is optimized with the Yoast SEO plugin v26.3 - https:\/\/yoast.com\/wordpress\/plugins\/seo\/ -->\n<title>VRM-2020, Voltage Regulation Module | Basler Electric<\/title>\n<meta name=\"description\" content=\"The VRM-2020 is an optional remote device for the DGC-2020HD to provide excitation to the field of a brushless exciter for automatic voltage regulation (var\/PF control).\" \/>\n<meta name=\"robots\" content=\"index, follow, max-snippet:-1, max-image-preview:large, max-video-preview:-1\" \/>\n<link rel=\"canonical\" href=\"https:\/\/cn.basler.com\/fr\/product\/vrm-2020-voltage-regulation-module\/\" \/>\n<meta property=\"og:locale\" content=\"fr_FR\" \/>\n<meta property=\"og:type\" content=\"article\" \/>\n<meta property=\"og:title\" content=\"VRM-2020, Voltage Regulation Module | Basler Electric\" \/>\n<meta property=\"og:description\" content=\"The VRM-2020 is an optional remote device for the DGC-2020HD to provide excitation to the field of a brushless exciter for automatic voltage regulation (var\/PF control).\" \/>\n<meta property=\"og:url\" content=\"https:\/\/cn.basler.com\/fr\/product\/vrm-2020-voltage-regulation-module\/\" \/>\n<meta property=\"og:site_name\" content=\"Basler Electric\" \/>\n<meta property=\"article:modified_time\" content=\"2025-10-03T20:28:37+00:00\" \/>\n<meta property=\"og:image\" content=\"https:\/\/sourceautosoftware.com\/wp-content\/uploads\/2025\/02\/1624.png\" \/>\n\t<meta property=\"og:image:width\" content=\"1084\" \/>\n\t<meta property=\"og:image:height\" content=\"600\" \/>\n\t<meta property=\"og:image:type\" content=\"image\/png\" \/>\n<meta name=\"twitter:card\" content=\"summary_large_image\" \/>\n<meta name=\"twitter:label1\" content=\"Est. reading time\" \/>\n\t<meta name=\"twitter:data1\" content=\"1 minute\" \/>\n<script type=\"application\/ld+json\" class=\"yoast-schema-graph\">{\"@context\":\"https:\/\/schema.org\",\"@graph\":[{\"@type\":\"WebPage\",\"@id\":\"https:\/\/cn.basler.com\/fr\/product\/vrm-2020-voltage-regulation-module\/\",\"url\":\"https:\/\/cn.basler.com\/fr\/product\/vrm-2020-voltage-regulation-module\/\",\"name\":\"VRM-2020, Voltage Regulation Module | Basler Electric\",\"isPartOf\":{\"@id\":\"https:\/\/catalog.basler.com\/#website\"},\"primaryImageOfPage\":{\"@id\":\"https:\/\/cn.basler.com\/fr\/product\/vrm-2020-voltage-regulation-module\/#primaryimage\"},\"image\":{\"@id\":\"https:\/\/cn.basler.com\/fr\/product\/vrm-2020-voltage-regulation-module\/#primaryimage\"},\"thumbnailUrl\":\"https:\/\/cn.basler.com\/wp-content\/uploads\/2025\/02\/1624.png\",\"datePublished\":\"2025-02-11T21:12:53+00:00\",\"dateModified\":\"2025-10-03T20:28:37+00:00\",\"description\":\"The VRM-2020 is an optional remote device for the DGC-2020HD to provide excitation to the field of a brushless exciter for automatic voltage regulation (var\/PF control).\",\"breadcrumb\":{\"@id\":\"https:\/\/cn.basler.com\/fr\/product\/vrm-2020-voltage-regulation-module\/#breadcrumb\"},\"inLanguage\":\"fr-FR\",\"potentialAction\":[{\"@type\":\"ReadAction\",\"target\":[\"https:\/\/cn.basler.com\/fr\/product\/vrm-2020-voltage-regulation-module\/\"]}]},{\"@type\":\"ImageObject\",\"inLanguage\":\"fr-FR\",\"@id\":\"https:\/\/cn.basler.com\/fr\/product\/vrm-2020-voltage-regulation-module\/#primaryimage\",\"url\":\"https:\/\/cn.basler.com\/wp-content\/uploads\/2025\/02\/1624.png\",\"contentUrl\":\"https:\/\/cn.basler.com\/wp-content\/uploads\/2025\/02\/1624.png\",\"width\":1084,\"height\":600,\"caption\":\"VRM-2020 Voltage Regulation Module with RTDs\"},{\"@type\":\"BreadcrumbList\",\"@id\":\"https:\/\/cn.basler.com\/fr\/product\/vrm-2020-voltage-regulation-module\/#breadcrumb\",\"itemListElement\":[{\"@type\":\"ListItem\",\"position\":1,\"name\":\"Home\",\"item\":\"https:\/\/fr.basler.com\/fr\/\"},{\"@type\":\"ListItem\",\"position\":2,\"name\":\"Products\",\"item\":\"https:\/\/cn.basler.com\/fr\/product\/\"},{\"@type\":\"ListItem\",\"position\":3,\"name\":\"VRM-2020, Voltage Regulation Module\"}]},{\"@type\":\"WebSite\",\"@id\":\"https:\/\/catalog.basler.com\/#website\",\"url\":\"https:\/\/catalog.basler.com\/\",\"name\":\"Basler Electric\",\"description\":\"\",\"publisher\":{\"@id\":\"https:\/\/catalog.basler.com\/#organization\"},\"potentialAction\":[{\"@type\":\"SearchAction\",\"target\":{\"@type\":\"EntryPoint\",\"urlTemplate\":\"https:\/\/catalog.basler.com\/?s={search_term_string}\"},\"query-input\":{\"@type\":\"PropertyValueSpecification\",\"valueRequired\":true,\"valueName\":\"search_term_string\"}}],\"inLanguage\":\"fr-FR\"},{\"@type\":\"Organization\",\"@id\":\"https:\/\/catalog.basler.com\/#organization\",\"name\":\"Basler Electric\",\"url\":\"https:\/\/catalog.basler.com\/\",\"logo\":{\"@type\":\"ImageObject\",\"inLanguage\":\"fr-FR\",\"@id\":\"https:\/\/catalog.basler.com\/#\/schema\/logo\/image\/\",\"url\":\"https:\/\/www.basler.com\/wp-content\/uploads\/2025\/10\/Basler-Logo-Favicon.png\",\"contentUrl\":\"https:\/\/www.basler.com\/wp-content\/uploads\/2025\/10\/Basler-Logo-Favicon.png\",\"width\":512,\"height\":512,\"caption\":\"Basler Electric\"},\"image\":{\"@id\":\"https:\/\/catalog.basler.com\/#\/schema\/logo\/image\/\"}}]}<\/script>\n<!-- \/ Yoast SEO plugin. -->","yoast_head_json":{"title":"VRM-2020, Voltage Regulation Module | Basler Electric","description":"The VRM-2020 is an optional remote device for the DGC-2020HD to provide excitation to the field of a brushless exciter for automatic voltage regulation (var\/PF control).","robots":{"index":"index","follow":"follow","max-snippet":"max-snippet:-1","max-image-preview":"max-image-preview:large","max-video-preview":"max-video-preview:-1"},"canonical":"https:\/\/cn.basler.com\/fr\/product\/vrm-2020-voltage-regulation-module\/","og_locale":"fr_FR","og_type":"article","og_title":"VRM-2020, Voltage Regulation Module | Basler Electric","og_description":"The VRM-2020 is an optional remote device for the DGC-2020HD to provide excitation to the field of a brushless exciter for automatic voltage regulation (var\/PF control).","og_url":"https:\/\/cn.basler.com\/fr\/product\/vrm-2020-voltage-regulation-module\/","og_site_name":"Basler Electric","article_modified_time":"2025-10-03T20:28:37+00:00","og_image":[{"width":1084,"height":600,"url":"https:\/\/sourceautosoftware.com\/wp-content\/uploads\/2025\/02\/1624.png","type":"image\/png"}],"twitter_card":"summary_large_image","twitter_misc":{"Est. reading time":"1 minute"},"schema":{"@context":"https:\/\/schema.org","@graph":[{"@type":"WebPage","@id":"https:\/\/cn.basler.com\/fr\/product\/vrm-2020-voltage-regulation-module\/","url":"https:\/\/cn.basler.com\/fr\/product\/vrm-2020-voltage-regulation-module\/","name":"VRM-2020, Voltage Regulation Module | Basler Electric","isPartOf":{"@id":"https:\/\/catalog.basler.com\/#website"},"primaryImageOfPage":{"@id":"https:\/\/cn.basler.com\/fr\/product\/vrm-2020-voltage-regulation-module\/#primaryimage"},"image":{"@id":"https:\/\/cn.basler.com\/fr\/product\/vrm-2020-voltage-regulation-module\/#primaryimage"},"thumbnailUrl":"https:\/\/cn.basler.com\/wp-content\/uploads\/2025\/02\/1624.png","datePublished":"2025-02-11T21:12:53+00:00","dateModified":"2025-10-03T20:28:37+00:00","description":"The VRM-2020 is an optional remote device for the DGC-2020HD to provide excitation to the field of a brushless exciter for automatic voltage regulation (var\/PF control).","breadcrumb":{"@id":"https:\/\/cn.basler.com\/fr\/product\/vrm-2020-voltage-regulation-module\/#breadcrumb"},"inLanguage":"fr-FR","potentialAction":[{"@type":"ReadAction","target":["https:\/\/cn.basler.com\/fr\/product\/vrm-2020-voltage-regulation-module\/"]}]},{"@type":"ImageObject","inLanguage":"fr-FR","@id":"https:\/\/cn.basler.com\/fr\/product\/vrm-2020-voltage-regulation-module\/#primaryimage","url":"https:\/\/cn.basler.com\/wp-content\/uploads\/2025\/02\/1624.png","contentUrl":"https:\/\/cn.basler.com\/wp-content\/uploads\/2025\/02\/1624.png","width":1084,"height":600,"caption":"VRM-2020 Voltage Regulation Module with RTDs"},{"@type":"BreadcrumbList","@id":"https:\/\/cn.basler.com\/fr\/product\/vrm-2020-voltage-regulation-module\/#breadcrumb","itemListElement":[{"@type":"ListItem","position":1,"name":"Home","item":"https:\/\/fr.basler.com\/fr\/"},{"@type":"ListItem","position":2,"name":"Products","item":"https:\/\/cn.basler.com\/fr\/product\/"},{"@type":"ListItem","position":3,"name":"VRM-2020, Voltage Regulation Module"}]},{"@type":"WebSite","@id":"https:\/\/catalog.basler.com\/#website","url":"https:\/\/catalog.basler.com\/","name":"Basler Electric","description":"","publisher":{"@id":"https:\/\/catalog.basler.com\/#organization"},"potentialAction":[{"@type":"SearchAction","target":{"@type":"EntryPoint","urlTemplate":"https:\/\/catalog.basler.com\/?s={search_term_string}"},"query-input":{"@type":"PropertyValueSpecification","valueRequired":true,"valueName":"search_term_string"}}],"inLanguage":"fr-FR"},{"@type":"Organization","@id":"https:\/\/catalog.basler.com\/#organization","name":"Basler Electric","url":"https:\/\/catalog.basler.com\/","logo":{"@type":"ImageObject","inLanguage":"fr-FR","@id":"https:\/\/catalog.basler.com\/#\/schema\/logo\/image\/","url":"https:\/\/www.basler.com\/wp-content\/uploads\/2025\/10\/Basler-Logo-Favicon.png","contentUrl":"https:\/\/www.basler.com\/wp-content\/uploads\/2025\/10\/Basler-Logo-Favicon.png","width":512,"height":512,"caption":"Basler Electric"},"image":{"@id":"https:\/\/catalog.basler.com\/#\/schema\/logo\/image\/"}}]}},"_links":{"self":[{"href":"https:\/\/cn.basler.com\/fr\/wp-json\/wp\/v2\/product\/3413","targetHints":{"allow":["GET"]}}],"collection":[{"href":"https:\/\/cn.basler.com\/fr\/wp-json\/wp\/v2\/product"}],"about":[{"href":"https:\/\/cn.basler.com\/fr\/wp-json\/wp\/v2\/types\/product"}],"author":[{"embeddable":true,"href":"https:\/\/cn.basler.com\/fr\/wp-json\/wp\/v2\/users\/1"}],"wp:featuredmedia":[{"embeddable":true,"href":"https:\/\/cn.basler.com\/fr\/wp-json\/wp\/v2\/media\/3414"}],"wp:attachment":[{"href":"https:\/\/cn.basler.com\/fr\/wp-json\/wp\/v2\/media?parent=3413"}],"wp:term":[{"taxonomy":"product-category","embeddable":true,"href":"https:\/\/cn.basler.com\/fr\/wp-json\/wp\/v2\/product-category?post=3413"}],"curies":[{"name":"wp","href":"https:\/\/api.w.org\/{rel}","templated":true}]}}