{"id":53963,"date":"2025-07-14T23:08:41","date_gmt":"2025-07-15T04:08:41","guid":{"rendered":"https:\/\/www.basler.com\/e%c2%b2-engineering-services\/services-de-conseil\/"},"modified":"2025-09-10T17:18:48","modified_gmt":"2025-09-10T22:18:48","slug":"services-de-conseil","status":"publish","type":"page","link":"https:\/\/cn.basler.com\/fr\/e%c2%b2-engineering-services\/services-de-conseil\/","title":{"rendered":"Services de conseil"},"content":{"rendered":"<section  data-block-id=\"hammer_block_28c4d97df197cf6417f9f01703185d01\" data-block=\"hero-background-image-text\" class=\"block block-hero-background-image-text hero-background-image-text spacing-top-default spacing-bottom-default style-compact\">\t<div class=\"wrapper has-media full-width\">\r\n\t\t<div class=\"inner\">\r\n\t\t\t<figure id=\"hammer_component_69de941ed21d9\" data-component=\"image\" class=\"component component-image image bg-image has-overlay\">\n        <picture class=\"picture\">\n            <img decoding=\"async\" width=\"1560\" height=\"700\" src=\"https:\/\/cn.basler.com\/wp-content\/uploads\/2025\/07\/Web-Heros-30.png\" class=\"img\" alt=\"\" loading=\"lazy\" title=\"\" srcset=\"https:\/\/cn.basler.com\/wp-content\/uploads\/2025\/07\/Web-Heros-30.png 1560w, https:\/\/cn.basler.com\/wp-content\/uploads\/2025\/07\/Web-Heros-30-768x345.png 768w, https:\/\/cn.basler.com\/wp-content\/uploads\/2025\/07\/Web-Heros-30-1024x459.png 1024w, https:\/\/cn.basler.com\/wp-content\/uploads\/2025\/07\/Web-Heros-30-150x67.png 150w, https:\/\/cn.basler.com\/wp-content\/uploads\/2025\/07\/Web-Heros-30-414x186.png 414w\" sizes=\"auto, (max-width: 1560px) 100vw, 1560px\">        <\/picture>\n\n            <\/figure>\n\r\n\t\t\t\r\n\t\t\t<div class=\"content-wrapper\">\r\n\t\t\t\t<h1 id=\"hammer_component_69de941ed2827\" data-component=\"headline\" class=\"component component-headline headline title style-default\">Services de conseil<\/h1>\n\r\n\t\t\t\t<div class=\"text\">\r\n\t\t\t\t\t<div id=\"hammer_component_69de941ed28b0\" data-component=\"rich-text\" class=\"component component-rich-text rich-text\"><p>Basler Services, LLC fournit des services de conseil sp&eacute;cialis&eacute;s, notamment des &eacute;tudes d&rsquo;&eacute;valuation et d&rsquo;am&eacute;lioration des syst&egrave;mes, une assistance en mati&egrave;re de conformit&eacute; r&eacute;glementaire, des &eacute;valuations des risques d&rsquo;arc &eacute;lectrique, la coordination des relais de protection et des examens des flux de charge.<\/p>\n<\/div>\n\r\n\t\t\t\t\t\t\t\t\t\t\t<a id=\"hammer_component_69de941ed2925\" data-component=\"button\" class=\"component component-button button style-primaire\" href=\"https:\/\/www.basler.com\/contact-us\/\" target=\"\" title=\"Contactez nous  \" aria-label=\"Contactez nous  \">    <span class=\"button-wrapper\">\n                    <strong class=\"button-text\">Contactez nous  <\/strong>\n        \n                    <span class=\"icon-wrapper\" aria-hidden=\"true\">\n                <span class=\"button-icon\">\n                    <?xml version=\"1.0\" encoding=\"UTF-8\"?> <svg xmlns=\"http:\/\/www.w3.org\/2000\/svg\" width=\"8\" height=\"8\" viewbox=\"0 0 8 8\" fill=\"currentColor\"><path fill-rule=\"evenodd\" clip-rule=\"evenodd\" d=\"M7.25606 1.27007L0.526065 8L0 7.47393L6.73 0.743975H0.789112V0H8.00004V7.21087H7.25606V1.27007Z\" fill=\"currentColor\"><\/path><\/svg>                 <\/span>\n            <\/span>\n            <\/span>\n    <\/a>\n\t\t\t\t\t\t\t\t\t<\/div>\r\n\r\n\t\t\t<\/div>\r\n\t\t<\/div>\r\n\t<\/div>\r\n<\/section><section  data-block-id=\"hammer_block_a08e5ad3d4675bf9f40bb5dba30c050c\" data-block=\"listing-collapse\" class=\"block block-listing-collapse listing-collapse spacing-top-petit spacing-bottom-default\">    \t\t<header class=\"wrapper wrapper-top\">\n            <h2 id=\"hammer_component_69de941f02bb5\" data-component=\"headline\" class=\"component component-headline headline style-titre-r&eacute;gulier\">E&sup2; Engineering Services<\/h2>\n            \t\t<\/header>\n    \n\t<div class=\"wrapper wrapper-bottom\">\n        \t\t\t<hr class=\"line\" role=\"presentation\"\/>\n\t\t\t<article class=\"post active\" tabindex=\"0\">\n                <figure id=\"hammer_component_69de941f02c85\" data-component=\"image\" class=\"component component-image image\">\n        <picture class=\"picture\">\n            <img decoding=\"async\" width=\"440\" height=\"330\" src=\"https:\/\/cn.basler.com\/wp-content\/uploads\/2025\/07\/Untitled-23.webp\" class=\"img\" alt=\"\" loading=\"lazy\" title=\"\" srcset=\"https:\/\/cn.basler.com\/wp-content\/uploads\/2025\/07\/Untitled-23.webp 440w, https:\/\/cn.basler.com\/wp-content\/uploads\/2025\/07\/Untitled-23-150x113.webp 150w, https:\/\/cn.basler.com\/wp-content\/uploads\/2025\/07\/Untitled-23-414x311.webp 414w\" sizes=\"auto, (max-width: 440px) 100vw, 440px\">        <\/picture>\n\n            <\/figure>\n\n\t\t\t\t<div class=\"content\">\n\t\t\t\t\t<div class=\"infos\">\n\t\t\t\t\t\t<h3 class=\"title\">\u00c9tudes d&#8217;\u00e9valuation et d&#8217;am\u00e9lioration des syst\u00e8mes<\/h3>\n\n                        \t\t\t\t\t\t\t<p class=\"excerpt\">Aujourd&#8217;hui, l&#8217;approvisionnement en \u00e9lectricit\u00e9 est une pr\u00e9occupation majeure. L&#8217;augmentation de la demande continue de peser sur les fournisseurs d&#8217;\u00e9nergie, soulignant l&#8217;importance cruciale d&#8217;une efficacit\u00e9 et d&#8217;une fiabilit\u00e9 maximales. Tout en se concentrant sur les processus (programmes de gestion de la dur\u00e9e de vie) visant \u00e0 prolonger la dur\u00e9e de vie des turbines et des g\u00e9n\u00e9rateurs, il faut prendre en compte les syst\u00e8mes de contr\u00f4le de l&#8217;excitation pour s&#8217;assurer que les demandes de soutien de la tension dans l&#8217;ensemble du syst\u00e8me sont satisfaites.  <\/p>\n                        \t\t\t\t\t<\/div>\n\n                    \t\t\t\t\t\t<div class=\"wrapper-button\">\n                            <a id=\"hammer_component_69de941f03485\" data-component=\"button\" class=\"component component-button button style-primaire\" href=\"https:\/\/www.basler.com\/service\/e2-engineering-system-evaluation-enhancement-studies\/\" target=\"\" title=\"En savoir plus\" aria-label=\"En savoir plus\">    <span class=\"button-wrapper\">\n                    <strong class=\"button-text\">En savoir plus<\/strong>\n        \n                    <span class=\"icon-wrapper\" aria-hidden=\"true\">\n                <span class=\"button-icon\">\n                    <?xml version=\"1.0\" encoding=\"UTF-8\"?> <svg xmlns=\"http:\/\/www.w3.org\/2000\/svg\" width=\"8\" height=\"8\" viewbox=\"0 0 8 8\" fill=\"currentColor\"><path fill-rule=\"evenodd\" clip-rule=\"evenodd\" d=\"M7.25606 1.27007L0.526065 8L0 7.47393L6.73 0.743975H0.789112V0H8.00004V7.21087H7.25606V1.27007Z\" fill=\"currentColor\"><\/path><\/svg>                 <\/span>\n            <\/span>\n            <\/span>\n    <\/a>\n\t\t\t\t\t\t<\/div>\n                    \t\t\t\t<\/div>\n\t\t\t<\/article>\n        \t\t\t<hr class=\"line\" role=\"presentation\"\/>\n\t\t\t<article class=\"post \" tabindex=\"0\">\n                <figure id=\"hammer_component_69de941f03643\" data-component=\"image\" class=\"component component-image image\">\n        <picture class=\"picture\">\n            <img decoding=\"async\" width=\"450\" height=\"400\" src=\"https:\/\/cn.basler.com\/wp-content\/uploads\/2025\/06\/Untitled-15.webp\" class=\"img\" alt=\"\" loading=\"lazy\" title=\"\" srcset=\"https:\/\/cn.basler.com\/wp-content\/uploads\/2025\/06\/Untitled-15.webp 450w, https:\/\/cn.basler.com\/wp-content\/uploads\/2025\/06\/Untitled-15-150x133.webp 150w, https:\/\/cn.basler.com\/wp-content\/uploads\/2025\/06\/Untitled-15-414x368.webp 414w\" sizes=\"auto, (max-width: 450px) 100vw, 450px\">        <\/picture>\n\n            <\/figure>\n\n\t\t\t\t<div class=\"content\">\n\t\t\t\t\t<div class=\"infos\">\n\t\t\t\t\t\t<h3 class=\"title\">Conformit\u00e9 r\u00e9glementaire<\/h3>\n\n                        \t\t\t\t\t\t\t<p class=\"excerpt\">La fiabilit\u00e9 est la principale pr\u00e9occupation. Pour pouvoir pr\u00e9dire la r\u00e9ponse globale du syst\u00e8me et sa fiabilit\u00e9, la NERC doit conna\u00eetre les capacit\u00e9s des syst\u00e8mes de production et les performances pr\u00e9vues \u00e0 la fois en r\u00e9gime permanent et pendant les transitoires du syst\u00e8me caus\u00e9s par une perte de production, des d\u00e9fauts ou d&#8217;autres types de perturbations. <\/p>\n                        \t\t\t\t\t<\/div>\n\n                    \t\t\t\t\t\t<div class=\"wrapper-button\">\n                            <a id=\"hammer_component_69de941f03fd8\" data-component=\"button\" class=\"component component-button button style-primaire\" href=\"https:\/\/www.basler.com\/service\/e2-engineering-regulatory-compliance\/\" target=\"\" title=\"En savoir plus\" aria-label=\"En savoir plus\">    <span class=\"button-wrapper\">\n                    <strong class=\"button-text\">En savoir plus<\/strong>\n        \n                    <span class=\"icon-wrapper\" aria-hidden=\"true\">\n                <span class=\"button-icon\">\n                    <?xml version=\"1.0\" encoding=\"UTF-8\"?> <svg xmlns=\"http:\/\/www.w3.org\/2000\/svg\" width=\"8\" height=\"8\" viewbox=\"0 0 8 8\" fill=\"currentColor\"><path fill-rule=\"evenodd\" clip-rule=\"evenodd\" d=\"M7.25606 1.27007L0.526065 8L0 7.47393L6.73 0.743975H0.789112V0H8.00004V7.21087H7.25606V1.27007Z\" fill=\"currentColor\"><\/path><\/svg>                 <\/span>\n            <\/span>\n            <\/span>\n    <\/a>\n\t\t\t\t\t\t<\/div>\n                    \t\t\t\t<\/div>\n\t\t\t<\/article>\n        \t\t\t<hr class=\"line\" role=\"presentation\"\/>\n\t\t\t<article class=\"post \" tabindex=\"0\">\n                <figure id=\"hammer_component_69de941f04172\" data-component=\"image\" class=\"component component-image image\">\n        <picture class=\"picture\">\n            <img decoding=\"async\" width=\"500\" height=\"328\" src=\"https:\/\/cn.basler.com\/wp-content\/uploads\/2025\/07\/Untitled-4-5.png\" class=\"img\" alt=\"\" loading=\"lazy\" title=\"\" srcset=\"https:\/\/cn.basler.com\/wp-content\/uploads\/2025\/07\/Untitled-4-5.png 500w, https:\/\/cn.basler.com\/wp-content\/uploads\/2025\/07\/Untitled-4-5-150x98.png 150w, https:\/\/cn.basler.com\/wp-content\/uploads\/2025\/07\/Untitled-4-5-414x272.png 414w\" sizes=\"auto, (max-width: 500px) 100vw, 500px\">        <\/picture>\n\n            <\/figure>\n\n\t\t\t\t<div class=\"content\">\n\t\t\t\t\t<div class=\"infos\">\n\t\t\t\t\t\t<h3 class=\"title\">\u00c9valuation du risque d&#8217;\u00e9clair d&#8217;arc \u00e9lectrique<\/h3>\n\n                        \t\t\t\t\t\t\t<p class=\"excerpt\">Le risque d&#8217;\u00e9clair d&#8217;arc est la condition dangereuse associ\u00e9e \u00e0 la lib\u00e9ration d&#8217;\u00e9nergie caus\u00e9e par un arc \u00e9lectrique. Les arcs \u00e9lectriques produisent une chaleur intense, un souffle sonore et des ondes de pression. L&#8217;\u00e9clair d&#8217;arc provoque des temp\u00e9ratures extr\u00eamement \u00e9lev\u00e9es et peut irradier une chaleur intense, enflammer les v\u00eatements et provoquer de graves br\u00fblures qui peuvent \u00eatre mortelles. Il est donc essentiel de disposer d&#8217;une \u00e9tude pr\u00e9cise lorsque l&#8217;on travaille sur des \u00e9quipements sous tension.   <\/p>\n                        \t\t\t\t\t<\/div>\n\n                    \t\t\t\t\t\t<div class=\"wrapper-button\">\n                            <a id=\"hammer_component_69de941f04631\" data-component=\"button\" class=\"component component-button button style-primaire\" href=\"https:\/\/www.basler.com\/service\/e2-engineering-arc-flash-hazard-evaluation\/\" target=\"\" title=\"En savoir plus\" aria-label=\"En savoir plus\">    <span class=\"button-wrapper\">\n                    <strong class=\"button-text\">En savoir plus<\/strong>\n        \n                    <span class=\"icon-wrapper\" aria-hidden=\"true\">\n                <span class=\"button-icon\">\n                    <?xml version=\"1.0\" encoding=\"UTF-8\"?> <svg xmlns=\"http:\/\/www.w3.org\/2000\/svg\" width=\"8\" height=\"8\" viewbox=\"0 0 8 8\" fill=\"currentColor\"><path fill-rule=\"evenodd\" clip-rule=\"evenodd\" d=\"M7.25606 1.27007L0.526065 8L0 7.47393L6.73 0.743975H0.789112V0H8.00004V7.21087H7.25606V1.27007Z\" fill=\"currentColor\"><\/path><\/svg>                 <\/span>\n            <\/span>\n            <\/span>\n    <\/a>\n\t\t\t\t\t\t<\/div>\n                    \t\t\t\t<\/div>\n\t\t\t<\/article>\n        \t\t<hr class=\"line\" role=\"presentation\"\/>\n\t<\/div>\n    <\/section>","protected":false},"excerpt":{"rendered":"","protected":false},"author":1,"featured_media":0,"parent":53899,"menu_order":0,"comment_status":"closed","ping_status":"closed","template":"","meta":{"_acf_changed":false,"content-type":"","inline_featured_image":false,"ep_exclude_from_search":false,"footnotes":""},"class_list":["post-53963","page","type-page","status-publish","hentry"],"acf":[],"yoast_head":"<!-- This site is optimized with the Yoast SEO plugin v26.3 - https:\/\/yoast.com\/wordpress\/plugins\/seo\/ -->\n<title>Services de conseil | Basler Electric<\/title>\n<meta name=\"robots\" content=\"index, follow, max-snippet:-1, max-image-preview:large, max-video-preview:-1\" \/>\n<link rel=\"canonical\" href=\"https:\/\/cn.basler.com\/fr\/e%c2%b2-engineering-services\/services-de-conseil\/\" \/>\n<meta property=\"og:locale\" content=\"fr_FR\" \/>\n<meta property=\"og:type\" content=\"article\" \/>\n<meta property=\"og:title\" content=\"Services de conseil | Basler Electric\" \/>\n<meta property=\"og:url\" content=\"https:\/\/cn.basler.com\/fr\/e%c2%b2-engineering-services\/services-de-conseil\/\" \/>\n<meta property=\"og:site_name\" content=\"Basler Electric\" \/>\n<meta property=\"article:modified_time\" content=\"2025-09-10T22:18:48+00:00\" \/>\n<meta property=\"og:image\" content=\"https:\/\/cn.basler.com\/wp-content\/uploads\/2025\/07\/Basler-Default-Image.jpg\" \/>\n\t<meta property=\"og:image:width\" content=\"1920\" \/>\n\t<meta property=\"og:image:height\" content=\"1080\" \/>\n\t<meta property=\"og:image:type\" content=\"image\/jpeg\" \/>\n<meta name=\"twitter:card\" content=\"summary_large_image\" \/>\n<script type=\"application\/ld+json\" class=\"yoast-schema-graph\">{\"@context\":\"https:\/\/schema.org\",\"@graph\":[{\"@type\":\"WebPage\",\"@id\":\"https:\/\/cn.basler.com\/fr\/e%c2%b2-engineering-services\/services-de-conseil\/\",\"url\":\"https:\/\/cn.basler.com\/fr\/e%c2%b2-engineering-services\/services-de-conseil\/\",\"name\":\"Services de conseil | Basler Electric\",\"isPartOf\":{\"@id\":\"https:\/\/catalog.basler.com\/fr\/#website\"},\"datePublished\":\"2025-07-15T04:08:41+00:00\",\"dateModified\":\"2025-09-10T22:18:48+00:00\",\"breadcrumb\":{\"@id\":\"https:\/\/cn.basler.com\/fr\/e%c2%b2-engineering-services\/services-de-conseil\/#breadcrumb\"},\"inLanguage\":\"fr-FR\",\"potentialAction\":[{\"@type\":\"ReadAction\",\"target\":[\"https:\/\/cn.basler.com\/fr\/e%c2%b2-engineering-services\/services-de-conseil\/\"]}]},{\"@type\":\"BreadcrumbList\",\"@id\":\"https:\/\/cn.basler.com\/fr\/e%c2%b2-engineering-services\/services-de-conseil\/#breadcrumb\",\"itemListElement\":[{\"@type\":\"ListItem\",\"position\":1,\"name\":\"Home\",\"item\":\"https:\/\/fr.basler.com\/fr\/\"},{\"@type\":\"ListItem\",\"position\":2,\"name\":\"E\u00b2 Engineering Services\",\"item\":\"https:\/\/flex.basler.com\/fr\/e%c2%b2-engineering-services\/\"},{\"@type\":\"ListItem\",\"position\":3,\"name\":\"Services de conseil\"}]},{\"@type\":\"WebSite\",\"@id\":\"https:\/\/catalog.basler.com\/fr\/#website\",\"url\":\"https:\/\/catalog.basler.com\/fr\/\",\"name\":\"Basler Electric\",\"description\":\"\",\"publisher\":{\"@id\":\"https:\/\/catalog.basler.com\/fr\/#organization\"},\"potentialAction\":[{\"@type\":\"SearchAction\",\"target\":{\"@type\":\"EntryPoint\",\"urlTemplate\":\"https:\/\/catalog.basler.com\/fr\/?s={search_term_string}\"},\"query-input\":{\"@type\":\"PropertyValueSpecification\",\"valueRequired\":true,\"valueName\":\"search_term_string\"}}],\"inLanguage\":\"fr-FR\"},{\"@type\":\"Organization\",\"@id\":\"https:\/\/catalog.basler.com\/fr\/#organization\",\"name\":\"Basler Electric\",\"url\":\"https:\/\/catalog.basler.com\/fr\/\",\"logo\":{\"@type\":\"ImageObject\",\"inLanguage\":\"fr-FR\",\"@id\":\"https:\/\/catalog.basler.com\/fr\/#\/schema\/logo\/image\/\",\"url\":\"https:\/\/www.basler.com\/wp-content\/uploads\/2025\/10\/Basler-Logo-Favicon.png\",\"contentUrl\":\"https:\/\/www.basler.com\/wp-content\/uploads\/2025\/10\/Basler-Logo-Favicon.png\",\"width\":512,\"height\":512,\"caption\":\"Basler Electric\"},\"image\":{\"@id\":\"https:\/\/catalog.basler.com\/fr\/#\/schema\/logo\/image\/\"}}]}<\/script>\n<!-- \/ Yoast SEO plugin. -->","yoast_head_json":{"title":"Services de conseil | Basler Electric","robots":{"index":"index","follow":"follow","max-snippet":"max-snippet:-1","max-image-preview":"max-image-preview:large","max-video-preview":"max-video-preview:-1"},"canonical":"https:\/\/cn.basler.com\/fr\/e%c2%b2-engineering-services\/services-de-conseil\/","og_locale":"fr_FR","og_type":"article","og_title":"Services de conseil | Basler Electric","og_url":"https:\/\/cn.basler.com\/fr\/e%c2%b2-engineering-services\/services-de-conseil\/","og_site_name":"Basler Electric","article_modified_time":"2025-09-10T22:18:48+00:00","og_image":[{"width":1920,"height":1080,"url":"https:\/\/cn.basler.com\/wp-content\/uploads\/2025\/07\/Basler-Default-Image.jpg","type":"image\/jpeg"}],"twitter_card":"summary_large_image","schema":{"@context":"https:\/\/schema.org","@graph":[{"@type":"WebPage","@id":"https:\/\/cn.basler.com\/fr\/e%c2%b2-engineering-services\/services-de-conseil\/","url":"https:\/\/cn.basler.com\/fr\/e%c2%b2-engineering-services\/services-de-conseil\/","name":"Services de conseil | Basler Electric","isPartOf":{"@id":"https:\/\/catalog.basler.com\/fr\/#website"},"datePublished":"2025-07-15T04:08:41+00:00","dateModified":"2025-09-10T22:18:48+00:00","breadcrumb":{"@id":"https:\/\/cn.basler.com\/fr\/e%c2%b2-engineering-services\/services-de-conseil\/#breadcrumb"},"inLanguage":"fr-FR","potentialAction":[{"@type":"ReadAction","target":["https:\/\/cn.basler.com\/fr\/e%c2%b2-engineering-services\/services-de-conseil\/"]}]},{"@type":"BreadcrumbList","@id":"https:\/\/cn.basler.com\/fr\/e%c2%b2-engineering-services\/services-de-conseil\/#breadcrumb","itemListElement":[{"@type":"ListItem","position":1,"name":"Home","item":"https:\/\/fr.basler.com\/fr\/"},{"@type":"ListItem","position":2,"name":"E\u00b2 Engineering Services","item":"https:\/\/flex.basler.com\/fr\/e%c2%b2-engineering-services\/"},{"@type":"ListItem","position":3,"name":"Services de conseil"}]},{"@type":"WebSite","@id":"https:\/\/catalog.basler.com\/fr\/#website","url":"https:\/\/catalog.basler.com\/fr\/","name":"Basler Electric","description":"","publisher":{"@id":"https:\/\/catalog.basler.com\/fr\/#organization"},"potentialAction":[{"@type":"SearchAction","target":{"@type":"EntryPoint","urlTemplate":"https:\/\/catalog.basler.com\/fr\/?s={search_term_string}"},"query-input":{"@type":"PropertyValueSpecification","valueRequired":true,"valueName":"search_term_string"}}],"inLanguage":"fr-FR"},{"@type":"Organization","@id":"https:\/\/catalog.basler.com\/fr\/#organization","name":"Basler Electric","url":"https:\/\/catalog.basler.com\/fr\/","logo":{"@type":"ImageObject","inLanguage":"fr-FR","@id":"https:\/\/catalog.basler.com\/fr\/#\/schema\/logo\/image\/","url":"https:\/\/www.basler.com\/wp-content\/uploads\/2025\/10\/Basler-Logo-Favicon.png","contentUrl":"https:\/\/www.basler.com\/wp-content\/uploads\/2025\/10\/Basler-Logo-Favicon.png","width":512,"height":512,"caption":"Basler Electric"},"image":{"@id":"https:\/\/catalog.basler.com\/fr\/#\/schema\/logo\/image\/"}}]}},"_links":{"self":[{"href":"https:\/\/cn.basler.com\/fr\/wp-json\/wp\/v2\/pages\/53963","targetHints":{"allow":["GET"]}}],"collection":[{"href":"https:\/\/cn.basler.com\/fr\/wp-json\/wp\/v2\/pages"}],"about":[{"href":"https:\/\/cn.basler.com\/fr\/wp-json\/wp\/v2\/types\/page"}],"author":[{"embeddable":true,"href":"https:\/\/cn.basler.com\/fr\/wp-json\/wp\/v2\/users\/1"}],"replies":[{"embeddable":true,"href":"https:\/\/cn.basler.com\/fr\/wp-json\/wp\/v2\/comments?post=53963"}],"version-history":[{"count":1,"href":"https:\/\/cn.basler.com\/fr\/wp-json\/wp\/v2\/pages\/53963\/revisions"}],"predecessor-version":[{"id":53964,"href":"https:\/\/cn.basler.com\/fr\/wp-json\/wp\/v2\/pages\/53963\/revisions\/53964"}],"up":[{"embeddable":true,"href":"https:\/\/cn.basler.com\/fr\/wp-json\/wp\/v2\/pages\/53899"}],"wp:attachment":[{"href":"https:\/\/cn.basler.com\/fr\/wp-json\/wp\/v2\/media?parent=53963"}],"curies":[{"name":"wp","href":"https:\/\/api.w.org\/{rel}","templated":true}]}}