{"id":53912,"date":"2025-07-14T22:49:30","date_gmt":"2025-07-15T03:49:30","guid":{"rendered":"https:\/\/www.basler.com\/e%c2%b2-engineering-services\/conception-du-systeme-electrique\/"},"modified":"2025-09-10T17:17:48","modified_gmt":"2025-09-10T22:17:48","slug":"conception-du-systeme-electrique","status":"publish","type":"page","link":"https:\/\/cn.basler.com\/fr\/e%c2%b2-engineering-services\/conception-du-systeme-electrique\/","title":{"rendered":"Conception du syst\u00e8me \u00e9lectrique"},"content":{"rendered":"<section  data-block-id=\"hammer_block_40439bd304e6bbbaadc564194f2a968e\" data-block=\"hero-background-image-text\" class=\"block block-hero-background-image-text hero-background-image-text spacing-top-default spacing-bottom-default style-compact\">\t<div class=\"wrapper has-media full-width\">\r\n\t\t<div class=\"inner\">\r\n\t\t\t<figure id=\"hammer_component_69de5ee137d0e\" data-component=\"image\" class=\"component component-image image bg-image has-overlay\">\n        <picture class=\"picture\">\n            <img decoding=\"async\" width=\"1600\" height=\"1067\" src=\"https:\/\/cn.basler.com\/wp-content\/uploads\/2025\/05\/iStock-173253021-1600x1067.jpg\" class=\"img\" alt=\"\" loading=\"lazy\" title=\"\" srcset=\"https:\/\/cn.basler.com\/wp-content\/uploads\/2025\/05\/iStock-173253021-1600x1067.jpg 1600w, https:\/\/cn.basler.com\/wp-content\/uploads\/2025\/05\/iStock-173253021-768x512.jpg 768w, https:\/\/cn.basler.com\/wp-content\/uploads\/2025\/05\/iStock-173253021-1024x683.jpg 1024w, https:\/\/cn.basler.com\/wp-content\/uploads\/2025\/05\/iStock-173253021-150x100.jpg 150w, https:\/\/cn.basler.com\/wp-content\/uploads\/2025\/05\/iStock-173253021-414x276.jpg 414w, https:\/\/cn.basler.com\/wp-content\/uploads\/2025\/05\/iStock-173253021-1920x1280.jpg 1920w\" sizes=\"auto, (max-width: 1600px) 100vw, 1600px\">        <\/picture>\n\n                    <figcaption class=\"caption\">Turbines of hydroelectricity power station generators inside the Hoover Dam fuel and power generation plant, Arizona, Nevada, USA.<\/figcaption>\n            <\/figure>\n\r\n\t\t\t\r\n\t\t\t<div class=\"content-wrapper\">\r\n\t\t\t\t<h1 id=\"hammer_component_69de5ee13841e\" data-component=\"headline\" class=\"component component-headline headline title style-default\">Conception du syst&egrave;me &eacute;lectrique<\/h1>\n\r\n\t\t\t\t<div class=\"text\">\r\n\t\t\t\t\t<div id=\"hammer_component_69de5ee13847c\" data-component=\"rich-text\" class=\"component component-rich-text rich-text\"><p>Basler Services, filiale &agrave; 100 % de Basler Electric, fournit des solutions compl&egrave;tes de conception de syst&egrave;mes &eacute;lectriques adapt&eacute;es &agrave; la production d&rsquo;&eacute;nergie et aux applications industrielles, y compris l&rsquo;int&eacute;gration de syst&egrave;mes, l&rsquo;excitation et la protection des g&eacute;n&eacute;rateurs, la r&eacute;gulation de la tension et les commandes de moteurs synchrones.<\/p>\n<\/div>\n\r\n\t\t\t\t\t\t\t\t\t\t\t<a id=\"hammer_component_69de5ee1384db\" data-component=\"button\" class=\"component component-button button style-primaire\" href=\"https:\/\/www.basler.com\/contact#provide-feedback\" target=\"\" title=\"Contactez nous\" aria-label=\"Contactez nous\">    <span class=\"button-wrapper\">\n                    <strong class=\"button-text\">Contactez nous<\/strong>\n        \n                    <span class=\"icon-wrapper\" aria-hidden=\"true\">\n                <span class=\"button-icon\">\n                    <?xml version=\"1.0\" encoding=\"UTF-8\"?> <svg xmlns=\"http:\/\/www.w3.org\/2000\/svg\" width=\"8\" height=\"8\" viewbox=\"0 0 8 8\" fill=\"currentColor\"><path fill-rule=\"evenodd\" clip-rule=\"evenodd\" d=\"M7.25606 1.27007L0.526065 8L0 7.47393L6.73 0.743975H0.789112V0H8.00004V7.21087H7.25606V1.27007Z\" fill=\"currentColor\"><\/path><\/svg>                 <\/span>\n            <\/span>\n            <\/span>\n    <\/a>\n\t\t\t\t\t\t\t\t\t<\/div>\r\n\r\n\t\t\t<\/div>\r\n\t\t<\/div>\r\n\t<\/div>\r\n<\/section><section  data-block-id=\"hammer_block_d6871c2a5b205de9567635b2dececb63\" data-block=\"listing-collapse\" class=\"block block-listing-collapse listing-collapse spacing-top-petit spacing-bottom-default\">    \t\t<header class=\"wrapper wrapper-top\">\n            <h2 id=\"hammer_component_69de5ee164d49\" data-component=\"headline\" class=\"component component-headline headline style-t&ecirc;te-h&eacute;ro&iuml;ne\">E&sup2; Engineering Services<\/h2>\n            \t\t<\/header>\n    \n\t<div class=\"wrapper wrapper-bottom\">\n        \t\t\t<hr class=\"line\" role=\"presentation\"\/>\n\t\t\t<article class=\"post active\" tabindex=\"0\">\n                <figure id=\"hammer_component_69de5ee164db6\" data-component=\"image\" class=\"component component-image image\">\n        <picture class=\"picture\">\n            <img decoding=\"async\" width=\"3840\" height=\"2560\" src=\"https:\/\/cn.basler.com\/wp-content\/uploads\/2025\/07\/Man_at_computer-e1752806672579.webp\" class=\"img\" alt=\"Man_at_computer\" loading=\"lazy\" title=\"\">        <\/picture>\n\n            <\/figure>\n\n\t\t\t\t<div class=\"content\">\n\t\t\t\t\t<div class=\"infos\">\n\t\t\t\t\t\t<h3 class=\"title\">Int\u00e9gration et conception de syst\u00e8mes<\/h3>\n\n                        \t\t\t\t\t\t\t<p class=\"excerpt\">Il ne s&#8217;agit pas seulement d&#8217;installer un nouvel \u00e9quipement et de configurer la boucle PID : Il s&#8217;agit de l&#8217;int\u00e9gration du syst\u00e8me. Basler Services a l&#8217;exp\u00e9rience de tous les types de syst\u00e8mes de production et de la mani\u00e8re d&#8217;interfacer correctement tous les \u00e9l\u00e9ments nouveaux et anciens pour obtenir un syst\u00e8me plus fiable et plus efficace. <\/p>\n                        \t\t\t\t\t<\/div>\n\n                    \t\t\t\t\t\t<div class=\"wrapper-button\">\n                            <a id=\"hammer_component_69de5ee16512a\" data-component=\"button\" class=\"component component-button button style-primaire\" href=\"https:\/\/www.basler.com\/e2-engineering-services\/\" target=\"\" title=\"En savoir plus\" aria-label=\"En savoir plus\">    <span class=\"button-wrapper\">\n                    <strong class=\"button-text\">En savoir plus<\/strong>\n        \n                    <span class=\"icon-wrapper\" aria-hidden=\"true\">\n                <span class=\"button-icon\">\n                    <?xml version=\"1.0\" encoding=\"UTF-8\"?> <svg xmlns=\"http:\/\/www.w3.org\/2000\/svg\" width=\"8\" height=\"8\" viewbox=\"0 0 8 8\" fill=\"currentColor\"><path fill-rule=\"evenodd\" clip-rule=\"evenodd\" d=\"M7.25606 1.27007L0.526065 8L0 7.47393L6.73 0.743975H0.789112V0H8.00004V7.21087H7.25606V1.27007Z\" fill=\"currentColor\"><\/path><\/svg>                 <\/span>\n            <\/span>\n            <\/span>\n    <\/a>\n\t\t\t\t\t\t<\/div>\n                    \t\t\t\t<\/div>\n\t\t\t<\/article>\n        \t\t\t<hr class=\"line\" role=\"presentation\"\/>\n\t\t\t<article class=\"post \" tabindex=\"0\">\n                <figure id=\"hammer_component_69de5ee165265\" data-component=\"image\" class=\"component component-image image\">\n        <picture class=\"picture\">\n            <img decoding=\"async\" width=\"3456\" height=\"4608\" src=\"https:\/\/cn.basler.com\/wp-content\/uploads\/2025\/07\/excitation_system_engineers-e1752807099505.webp\" class=\"img\" alt=\"\" loading=\"lazy\" title=\"\">        <\/picture>\n\n            <\/figure>\n\n\t\t\t\t<div class=\"content\">\n\t\t\t\t\t<div class=\"infos\">\n\t\t\t\t\t\t<h3 class=\"title\">Syst\u00e8mes de contr\u00f4le et de protection des g\u00e9n\u00e9rateurs<\/h3>\n\n                        \t\t\t\t\t\t\t<p class=\"excerpt\">Le sp\u00e9cialiste en groupes \u00e9lectrog\u00e8nes de Basler Services r\u00e9alisera une \u00e9tude sur les groupes \u00e9lectrog\u00e8nes afin de d\u00e9terminer ce qui est n\u00e9cessaire pour maximiser l&#8217;efficacit\u00e9 op\u00e9rationnelle, augmenter la fiabilit\u00e9 et r\u00e9duire les co\u00fbts. Notre sp\u00e9cialiste des groupes \u00e9lectrog\u00e8nes fournira les orientations n\u00e9cessaires pour assurer la viabilit\u00e9 des syst\u00e8mes, des \u00e9quipements et la s\u00e9curit\u00e9 du personnel. <\/p>\n                        \t\t\t\t\t<\/div>\n\n                    \t\t\t\t\t\t<div class=\"wrapper-button\">\n                            <a id=\"hammer_component_69de5ee165642\" data-component=\"button\" class=\"component component-button button style-primaire\" href=\"https:\/\/www.basler.com\/service\/e2-engineering-generator-control-and-protection-systems\/\" target=\"\" title=\"En savoir plus\" aria-label=\"En savoir plus\">    <span class=\"button-wrapper\">\n                    <strong class=\"button-text\">En savoir plus<\/strong>\n        \n                    <span class=\"icon-wrapper\" aria-hidden=\"true\">\n                <span class=\"button-icon\">\n                    <?xml version=\"1.0\" encoding=\"UTF-8\"?> <svg xmlns=\"http:\/\/www.w3.org\/2000\/svg\" width=\"8\" height=\"8\" viewbox=\"0 0 8 8\" fill=\"currentColor\"><path fill-rule=\"evenodd\" clip-rule=\"evenodd\" d=\"M7.25606 1.27007L0.526065 8L0 7.47393L6.73 0.743975H0.789112V0H8.00004V7.21087H7.25606V1.27007Z\" fill=\"currentColor\"><\/path><\/svg>                 <\/span>\n            <\/span>\n            <\/span>\n    <\/a>\n\t\t\t\t\t\t<\/div>\n                    \t\t\t\t<\/div>\n\t\t\t<\/article>\n        \t\t\t<hr class=\"line\" role=\"presentation\"\/>\n\t\t\t<article class=\"post \" tabindex=\"0\">\n                <figure id=\"hammer_component_69de5ee165770\" data-component=\"image\" class=\"component component-image image\">\n        <picture class=\"picture\">\n            <img decoding=\"async\" width=\"3840\" height=\"2160\" src=\"https:\/\/cn.basler.com\/wp-content\/uploads\/2025\/07\/Head_of_project_holds_laptop-e1752807211868.webp\" class=\"img\" alt=\"\" loading=\"lazy\" title=\"\">        <\/picture>\n\n            <\/figure>\n\n\t\t\t\t<div class=\"content\">\n\t\t\t\t\t<div class=\"infos\">\n\t\t\t\t\t\t<h3 class=\"title\">Syst\u00e8mes d&#8217;excitation des g\u00e9n\u00e9rateurs et r\u00e9gulateurs de tension<\/h3>\n\n                        \t\t\t\t\t\t\t<p class=\"excerpt\">Les caract\u00e9ristiques de la nouvelle interface num\u00e9rique d&#8217;excitation statique et de r\u00e9gulateur de tension comprennent l&#8217;enregistrement de donn\u00e9es (oscillographie), l&#8217;enregistrement de s\u00e9quences d&#8217;\u00e9v\u00e9nements et des analyseurs de syst\u00e8mes dynamiques en temps r\u00e9el. Ceux-ci peuvent \u00eatre configur\u00e9s et consult\u00e9s facilement \u00e0 l&#8217;aide d&#8217;un ordinateur portable et facilitent grandement le test du syst\u00e8me et le d\u00e9pannage des probl\u00e8mes, tels que ceux caus\u00e9s par les perturbations du syst\u00e8me. Nous pouvons d\u00e9sormais enregistrer les performances du syst\u00e8me avant et apr\u00e8s toute perturbation.  <\/p>\n                        \t\t\t\t\t<\/div>\n\n                    \t\t\t\t\t\t<div class=\"wrapper-button\">\n                            <a id=\"hammer_component_69de5ee165b4f\" data-component=\"button\" class=\"component component-button button style-primaire\" href=\"https:\/\/www.basler.com\/service\/generator-excitation-systems-voltage-regulators\/\" target=\"\" title=\"En savoir plus\" aria-label=\"En savoir plus\">    <span class=\"button-wrapper\">\n                    <strong class=\"button-text\">En savoir plus<\/strong>\n        \n                    <span class=\"icon-wrapper\" aria-hidden=\"true\">\n                <span class=\"button-icon\">\n                    <?xml version=\"1.0\" encoding=\"UTF-8\"?> <svg xmlns=\"http:\/\/www.w3.org\/2000\/svg\" width=\"8\" height=\"8\" viewbox=\"0 0 8 8\" fill=\"currentColor\"><path fill-rule=\"evenodd\" clip-rule=\"evenodd\" d=\"M7.25606 1.27007L0.526065 8L0 7.47393L6.73 0.743975H0.789112V0H8.00004V7.21087H7.25606V1.27007Z\" fill=\"currentColor\"><\/path><\/svg>                 <\/span>\n            <\/span>\n            <\/span>\n    <\/a>\n\t\t\t\t\t\t<\/div>\n                    \t\t\t\t<\/div>\n\t\t\t<\/article>\n        \t\t\t<hr class=\"line\" role=\"presentation\"\/>\n\t\t\t<article class=\"post \" tabindex=\"0\">\n                <figure id=\"hammer_component_69de5ee165c6e\" data-component=\"image\" class=\"component component-image image\">\n        <picture class=\"picture\">\n            <img decoding=\"async\" width=\"3840\" height=\"2555\" src=\"https:\/\/cn.basler.com\/wp-content\/uploads\/2025\/07\/Engineering_people_plans_on_glass-e1752806650466.webp\" class=\"img\" alt=\"\" loading=\"lazy\" title=\"\">        <\/picture>\n\n            <\/figure>\n\n\t\t\t\t<div class=\"content\">\n\t\t\t\t\t<div class=\"infos\">\n\t\t\t\t\t\t<h3 class=\"title\">Syst\u00e8mes de contr\u00f4le et de protection du moteur synchrone ou du condenseur<\/h3>\n\n                        \t\t\t\t\t\t\t<p class=\"excerpt\">Nos ing\u00e9nieurs comprennent les exigences sp\u00e9cifiques associ\u00e9es au contr\u00f4le des moteurs synchrones et d\u00e9velopperont un syst\u00e8me complet de contr\u00f4le des moteurs synchrones. Ce syst\u00e8me comprend l&#8217;\u00e9quipement n\u00e9cessaire pour acc\u00e9l\u00e9rer le moteur en toute s\u00e9curit\u00e9 et appliquer la tension continue au champ tournant au bon moment pour assurer une synchronisation rapide tout en prot\u00e9geant le moteur contre les surcharges, les blocages, l&#8217;arrachement et les conditions de hors-fr\u00e9quence. <\/p>\n                        \t\t\t\t\t<\/div>\n\n                    \t\t\t\t\t\t<div class=\"wrapper-button\">\n                            <a id=\"hammer_component_69de5ee166035\" data-component=\"button\" class=\"component component-button button style-primaire\" href=\"https:\/\/www.basler.com\/service\/sync-motor-condenser-control-and-protection-systems\/\" target=\"\" title=\"En savoir plus\" aria-label=\"En savoir plus\">    <span class=\"button-wrapper\">\n                    <strong class=\"button-text\">En savoir plus<\/strong>\n        \n                    <span class=\"icon-wrapper\" aria-hidden=\"true\">\n                <span class=\"button-icon\">\n                    <?xml version=\"1.0\" encoding=\"UTF-8\"?> <svg xmlns=\"http:\/\/www.w3.org\/2000\/svg\" width=\"8\" height=\"8\" viewbox=\"0 0 8 8\" fill=\"currentColor\"><path fill-rule=\"evenodd\" clip-rule=\"evenodd\" d=\"M7.25606 1.27007L0.526065 8L0 7.47393L6.73 0.743975H0.789112V0H8.00004V7.21087H7.25606V1.27007Z\" fill=\"currentColor\"><\/path><\/svg>                 <\/span>\n            <\/span>\n            <\/span>\n    <\/a>\n\t\t\t\t\t\t<\/div>\n                    \t\t\t\t<\/div>\n\t\t\t<\/article>\n        \t\t<hr class=\"line\" role=\"presentation\"\/>\n\t<\/div>\n    <\/section>","protected":false},"excerpt":{"rendered":"","protected":false},"author":1,"featured_media":0,"parent":53899,"menu_order":0,"comment_status":"closed","ping_status":"closed","template":"","meta":{"_acf_changed":false,"content-type":"","inline_featured_image":false,"ep_exclude_from_search":false,"footnotes":""},"class_list":["post-53912","page","type-page","status-publish","hentry"],"acf":[],"yoast_head":"<!-- This site is optimized with the Yoast SEO plugin v26.3 - https:\/\/yoast.com\/wordpress\/plugins\/seo\/ -->\n<title>Conception du syst\u00e8me \u00e9lectrique | Basler Electric<\/title>\n<meta name=\"robots\" content=\"index, follow, max-snippet:-1, max-image-preview:large, max-video-preview:-1\" \/>\n<link rel=\"canonical\" href=\"https:\/\/cn.basler.com\/fr\/e%c2%b2-engineering-services\/conception-du-systeme-electrique\/\" \/>\n<meta property=\"og:locale\" content=\"fr_FR\" \/>\n<meta property=\"og:type\" content=\"article\" \/>\n<meta property=\"og:title\" content=\"Conception du syst\u00e8me \u00e9lectrique | Basler Electric\" \/>\n<meta property=\"og:url\" content=\"https:\/\/cn.basler.com\/fr\/e%c2%b2-engineering-services\/conception-du-systeme-electrique\/\" \/>\n<meta property=\"og:site_name\" content=\"Basler Electric\" \/>\n<meta property=\"article:modified_time\" content=\"2025-09-10T22:17:48+00:00\" \/>\n<meta property=\"og:image\" content=\"https:\/\/cn.basler.com\/wp-content\/uploads\/2025\/07\/Basler-Default-Image.jpg\" \/>\n\t<meta property=\"og:image:width\" content=\"1920\" \/>\n\t<meta property=\"og:image:height\" content=\"1080\" \/>\n\t<meta property=\"og:image:type\" content=\"image\/jpeg\" \/>\n<meta name=\"twitter:card\" content=\"summary_large_image\" \/>\n<script type=\"application\/ld+json\" class=\"yoast-schema-graph\">{\"@context\":\"https:\/\/schema.org\",\"@graph\":[{\"@type\":\"WebPage\",\"@id\":\"https:\/\/cn.basler.com\/fr\/e%c2%b2-engineering-services\/conception-du-systeme-electrique\/\",\"url\":\"https:\/\/cn.basler.com\/fr\/e%c2%b2-engineering-services\/conception-du-systeme-electrique\/\",\"name\":\"Conception du syst\u00e8me \u00e9lectrique | Basler Electric\",\"isPartOf\":{\"@id\":\"https:\/\/catalog.basler.com\/fr\/#website\"},\"datePublished\":\"2025-07-15T03:49:30+00:00\",\"dateModified\":\"2025-09-10T22:17:48+00:00\",\"breadcrumb\":{\"@id\":\"https:\/\/cn.basler.com\/fr\/e%c2%b2-engineering-services\/conception-du-systeme-electrique\/#breadcrumb\"},\"inLanguage\":\"fr-FR\",\"potentialAction\":[{\"@type\":\"ReadAction\",\"target\":[\"https:\/\/cn.basler.com\/fr\/e%c2%b2-engineering-services\/conception-du-systeme-electrique\/\"]}]},{\"@type\":\"BreadcrumbList\",\"@id\":\"https:\/\/cn.basler.com\/fr\/e%c2%b2-engineering-services\/conception-du-systeme-electrique\/#breadcrumb\",\"itemListElement\":[{\"@type\":\"ListItem\",\"position\":1,\"name\":\"Home\",\"item\":\"https:\/\/fr.basler.com\/fr\/\"},{\"@type\":\"ListItem\",\"position\":2,\"name\":\"E\u00b2 Engineering Services\",\"item\":\"https:\/\/flex.basler.com\/fr\/e%c2%b2-engineering-services\/\"},{\"@type\":\"ListItem\",\"position\":3,\"name\":\"Conception du syst\u00e8me \u00e9lectrique\"}]},{\"@type\":\"WebSite\",\"@id\":\"https:\/\/catalog.basler.com\/fr\/#website\",\"url\":\"https:\/\/catalog.basler.com\/fr\/\",\"name\":\"Basler Electric\",\"description\":\"\",\"publisher\":{\"@id\":\"https:\/\/catalog.basler.com\/fr\/#organization\"},\"potentialAction\":[{\"@type\":\"SearchAction\",\"target\":{\"@type\":\"EntryPoint\",\"urlTemplate\":\"https:\/\/catalog.basler.com\/fr\/?s={search_term_string}\"},\"query-input\":{\"@type\":\"PropertyValueSpecification\",\"valueRequired\":true,\"valueName\":\"search_term_string\"}}],\"inLanguage\":\"fr-FR\"},{\"@type\":\"Organization\",\"@id\":\"https:\/\/catalog.basler.com\/fr\/#organization\",\"name\":\"Basler Electric\",\"url\":\"https:\/\/catalog.basler.com\/fr\/\",\"logo\":{\"@type\":\"ImageObject\",\"inLanguage\":\"fr-FR\",\"@id\":\"https:\/\/catalog.basler.com\/fr\/#\/schema\/logo\/image\/\",\"url\":\"https:\/\/www.basler.com\/wp-content\/uploads\/2025\/10\/Basler-Logo-Favicon.png\",\"contentUrl\":\"https:\/\/www.basler.com\/wp-content\/uploads\/2025\/10\/Basler-Logo-Favicon.png\",\"width\":512,\"height\":512,\"caption\":\"Basler Electric\"},\"image\":{\"@id\":\"https:\/\/catalog.basler.com\/fr\/#\/schema\/logo\/image\/\"}}]}<\/script>\n<!-- \/ Yoast SEO plugin. -->","yoast_head_json":{"title":"Conception du syst\u00e8me \u00e9lectrique | Basler Electric","robots":{"index":"index","follow":"follow","max-snippet":"max-snippet:-1","max-image-preview":"max-image-preview:large","max-video-preview":"max-video-preview:-1"},"canonical":"https:\/\/cn.basler.com\/fr\/e%c2%b2-engineering-services\/conception-du-systeme-electrique\/","og_locale":"fr_FR","og_type":"article","og_title":"Conception du syst\u00e8me \u00e9lectrique | Basler Electric","og_url":"https:\/\/cn.basler.com\/fr\/e%c2%b2-engineering-services\/conception-du-systeme-electrique\/","og_site_name":"Basler Electric","article_modified_time":"2025-09-10T22:17:48+00:00","og_image":[{"width":1920,"height":1080,"url":"https:\/\/cn.basler.com\/wp-content\/uploads\/2025\/07\/Basler-Default-Image.jpg","type":"image\/jpeg"}],"twitter_card":"summary_large_image","schema":{"@context":"https:\/\/schema.org","@graph":[{"@type":"WebPage","@id":"https:\/\/cn.basler.com\/fr\/e%c2%b2-engineering-services\/conception-du-systeme-electrique\/","url":"https:\/\/cn.basler.com\/fr\/e%c2%b2-engineering-services\/conception-du-systeme-electrique\/","name":"Conception du syst\u00e8me \u00e9lectrique | Basler Electric","isPartOf":{"@id":"https:\/\/catalog.basler.com\/fr\/#website"},"datePublished":"2025-07-15T03:49:30+00:00","dateModified":"2025-09-10T22:17:48+00:00","breadcrumb":{"@id":"https:\/\/cn.basler.com\/fr\/e%c2%b2-engineering-services\/conception-du-systeme-electrique\/#breadcrumb"},"inLanguage":"fr-FR","potentialAction":[{"@type":"ReadAction","target":["https:\/\/cn.basler.com\/fr\/e%c2%b2-engineering-services\/conception-du-systeme-electrique\/"]}]},{"@type":"BreadcrumbList","@id":"https:\/\/cn.basler.com\/fr\/e%c2%b2-engineering-services\/conception-du-systeme-electrique\/#breadcrumb","itemListElement":[{"@type":"ListItem","position":1,"name":"Home","item":"https:\/\/fr.basler.com\/fr\/"},{"@type":"ListItem","position":2,"name":"E\u00b2 Engineering Services","item":"https:\/\/flex.basler.com\/fr\/e%c2%b2-engineering-services\/"},{"@type":"ListItem","position":3,"name":"Conception du syst\u00e8me \u00e9lectrique"}]},{"@type":"WebSite","@id":"https:\/\/catalog.basler.com\/fr\/#website","url":"https:\/\/catalog.basler.com\/fr\/","name":"Basler Electric","description":"","publisher":{"@id":"https:\/\/catalog.basler.com\/fr\/#organization"},"potentialAction":[{"@type":"SearchAction","target":{"@type":"EntryPoint","urlTemplate":"https:\/\/catalog.basler.com\/fr\/?s={search_term_string}"},"query-input":{"@type":"PropertyValueSpecification","valueRequired":true,"valueName":"search_term_string"}}],"inLanguage":"fr-FR"},{"@type":"Organization","@id":"https:\/\/catalog.basler.com\/fr\/#organization","name":"Basler Electric","url":"https:\/\/catalog.basler.com\/fr\/","logo":{"@type":"ImageObject","inLanguage":"fr-FR","@id":"https:\/\/catalog.basler.com\/fr\/#\/schema\/logo\/image\/","url":"https:\/\/www.basler.com\/wp-content\/uploads\/2025\/10\/Basler-Logo-Favicon.png","contentUrl":"https:\/\/www.basler.com\/wp-content\/uploads\/2025\/10\/Basler-Logo-Favicon.png","width":512,"height":512,"caption":"Basler Electric"},"image":{"@id":"https:\/\/catalog.basler.com\/fr\/#\/schema\/logo\/image\/"}}]}},"_links":{"self":[{"href":"https:\/\/cn.basler.com\/fr\/wp-json\/wp\/v2\/pages\/53912","targetHints":{"allow":["GET"]}}],"collection":[{"href":"https:\/\/cn.basler.com\/fr\/wp-json\/wp\/v2\/pages"}],"about":[{"href":"https:\/\/cn.basler.com\/fr\/wp-json\/wp\/v2\/types\/page"}],"author":[{"embeddable":true,"href":"https:\/\/cn.basler.com\/fr\/wp-json\/wp\/v2\/users\/1"}],"replies":[{"embeddable":true,"href":"https:\/\/cn.basler.com\/fr\/wp-json\/wp\/v2\/comments?post=53912"}],"version-history":[{"count":1,"href":"https:\/\/cn.basler.com\/fr\/wp-json\/wp\/v2\/pages\/53912\/revisions"}],"predecessor-version":[{"id":53913,"href":"https:\/\/cn.basler.com\/fr\/wp-json\/wp\/v2\/pages\/53912\/revisions\/53913"}],"up":[{"embeddable":true,"href":"https:\/\/cn.basler.com\/fr\/wp-json\/wp\/v2\/pages\/53899"}],"wp:attachment":[{"href":"https:\/\/cn.basler.com\/fr\/wp-json\/wp\/v2\/media?parent=53912"}],"curies":[{"name":"wp","href":"https:\/\/api.w.org\/{rel}","templated":true}]}}