{"id":54702,"date":"2025-05-20T19:34:03","date_gmt":"2025-05-21T00:34:03","guid":{"rendered":"https:\/\/www.basler.com\/verificacion-de-cuenta\/"},"modified":"2025-09-12T13:08:25","modified_gmt":"2025-09-12T18:08:25","slug":"verificacion-de-cuenta","status":"publish","type":"page","link":"https:\/\/cn.basler.com\/es\/verificacion-de-cuenta\/","title":{"rendered":"Verificaci\u00f3n de cuenta"},"content":{"rendered":"<section  data-block-id=\"hammer_block_b432cf6f1e8f42bacc7d620d63cd77bc\" data-block=\"user-verification\" class=\"block block-user-verification user-verification spacing-top-default spacing-bottom-default\">    <div class=\"wrapper\">\n                    <div class=\"headline-wrapper\">\n                <h2 id=\"hammer_component_69dfeb810628b\" data-component=\"headline\" class=\"component component-headline headline style-default\">Verificaci&oacute;n de cuenta<\/h2>\n            <\/div>\n        \n        \t\t\t<div id=\"hammer_component_69dfeb81063ad\" data-component=\"rich-text\" class=\"component component-rich-text rich-text\"><p>No se pudo encontrar el c&oacute;digo de verificaci&oacute;n. Vaya a la p&aacute;gina Mi cuenta para asegurarse de que a&uacute;n no ha verificado su direcci&oacute;n de correo electr&oacute;nico. Si no hay una advertencia presente, entonces su correo electr&oacute;nico ha sido verificado. Si la advertencia est&aacute; presente, podr&aacute; solicitar un nuevo c&oacute;digo de verificaci&oacute;n.   <\/p>\n<\/div>\n            <\/div>\n    <\/section>","protected":false},"excerpt":{"rendered":"","protected":false},"author":1,"featured_media":0,"parent":0,"menu_order":0,"comment_status":"closed","ping_status":"closed","template":"","meta":{"_acf_changed":false,"content-type":"","inline_featured_image":false,"ep_exclude_from_search":false,"footnotes":""},"class_list":["post-54702","page","type-page","status-publish","hentry"],"acf":[],"yoast_head":"<!-- This site is optimized with the Yoast SEO plugin v26.3 - https:\/\/yoast.com\/wordpress\/plugins\/seo\/ -->\n<title>Verificaci\u00f3n de cuenta | Basler Electric<\/title>\n<meta name=\"description\" content=\"Asegura tu acceso con la verificaci\u00f3n de cuenta. Descubre c\u00f3mo proteger tu informaci\u00f3n y disfrutar de una experiencia segura en nuestra plataforma.\" \/>\n<meta name=\"robots\" content=\"index, follow, max-snippet:-1, max-image-preview:large, max-video-preview:-1\" \/>\n<link rel=\"canonical\" href=\"https:\/\/cn.basler.com\/es\/verificacion-de-cuenta\/\" \/>\n<meta property=\"og:locale\" content=\"es_ES\" \/>\n<meta property=\"og:type\" content=\"article\" \/>\n<meta property=\"og:title\" content=\"Verificaci\u00f3n de cuenta | Basler Electric\" \/>\n<meta property=\"og:description\" content=\"Asegura tu acceso con la verificaci\u00f3n de cuenta. Descubre c\u00f3mo proteger tu informaci\u00f3n y disfrutar de una experiencia segura en nuestra plataforma.\" \/>\n<meta property=\"og:url\" content=\"https:\/\/cn.basler.com\/es\/verificacion-de-cuenta\/\" \/>\n<meta property=\"og:site_name\" content=\"Basler Electric\" \/>\n<meta property=\"article:modified_time\" content=\"2025-09-12T18:08:25+00:00\" \/>\n<meta property=\"og:image\" content=\"https:\/\/cn.basler.com\/wp-content\/uploads\/2025\/07\/Basler-Default-Image.jpg\" \/>\n\t<meta property=\"og:image:width\" content=\"1920\" \/>\n\t<meta property=\"og:image:height\" content=\"1080\" \/>\n\t<meta property=\"og:image:type\" content=\"image\/jpeg\" \/>\n<meta name=\"twitter:card\" content=\"summary_large_image\" \/>\n<script type=\"application\/ld+json\" class=\"yoast-schema-graph\">{\"@context\":\"https:\/\/schema.org\",\"@graph\":[{\"@type\":\"WebPage\",\"@id\":\"https:\/\/cn.basler.com\/es\/verificacion-de-cuenta\/\",\"url\":\"https:\/\/cn.basler.com\/es\/verificacion-de-cuenta\/\",\"name\":\"Verificaci\u00f3n de cuenta | Basler Electric\",\"isPartOf\":{\"@id\":\"https:\/\/catalog.basler.com\/es\/#website\"},\"datePublished\":\"2025-05-21T00:34:03+00:00\",\"dateModified\":\"2025-09-12T18:08:25+00:00\",\"description\":\"Asegura tu acceso con la verificaci\u00f3n de cuenta. Descubre c\u00f3mo proteger tu informaci\u00f3n y disfrutar de una experiencia segura en nuestra plataforma.\",\"breadcrumb\":{\"@id\":\"https:\/\/cn.basler.com\/es\/verificacion-de-cuenta\/#breadcrumb\"},\"inLanguage\":\"es-ES\",\"potentialAction\":[{\"@type\":\"ReadAction\",\"target\":[\"https:\/\/cn.basler.com\/es\/verificacion-de-cuenta\/\"]}]},{\"@type\":\"BreadcrumbList\",\"@id\":\"https:\/\/cn.basler.com\/es\/verificacion-de-cuenta\/#breadcrumb\",\"itemListElement\":[{\"@type\":\"ListItem\",\"position\":1,\"name\":\"Home\",\"item\":\"https:\/\/sourceautosoftware.com\/es\/\"},{\"@type\":\"ListItem\",\"position\":2,\"name\":\"Verificaci\u00f3n de cuenta\"}]},{\"@type\":\"WebSite\",\"@id\":\"https:\/\/catalog.basler.com\/es\/#website\",\"url\":\"https:\/\/catalog.basler.com\/es\/\",\"name\":\"Basler Electric\",\"description\":\"\",\"publisher\":{\"@id\":\"https:\/\/catalog.basler.com\/es\/#organization\"},\"potentialAction\":[{\"@type\":\"SearchAction\",\"target\":{\"@type\":\"EntryPoint\",\"urlTemplate\":\"https:\/\/catalog.basler.com\/es\/?s={search_term_string}\"},\"query-input\":{\"@type\":\"PropertyValueSpecification\",\"valueRequired\":true,\"valueName\":\"search_term_string\"}}],\"inLanguage\":\"es-ES\"},{\"@type\":\"Organization\",\"@id\":\"https:\/\/catalog.basler.com\/es\/#organization\",\"name\":\"Basler Electric\",\"url\":\"https:\/\/catalog.basler.com\/es\/\",\"logo\":{\"@type\":\"ImageObject\",\"inLanguage\":\"es-ES\",\"@id\":\"https:\/\/catalog.basler.com\/es\/#\/schema\/logo\/image\/\",\"url\":\"https:\/\/www.basler.com\/wp-content\/uploads\/2025\/10\/Basler-Logo-Favicon.png\",\"contentUrl\":\"https:\/\/www.basler.com\/wp-content\/uploads\/2025\/10\/Basler-Logo-Favicon.png\",\"width\":512,\"height\":512,\"caption\":\"Basler Electric\"},\"image\":{\"@id\":\"https:\/\/catalog.basler.com\/es\/#\/schema\/logo\/image\/\"}}]}<\/script>\n<!-- \/ Yoast SEO plugin. -->","yoast_head_json":{"title":"Verificaci\u00f3n de cuenta | Basler Electric","description":"Asegura tu acceso con la verificaci\u00f3n de cuenta. Descubre c\u00f3mo proteger tu informaci\u00f3n y disfrutar de una experiencia segura en nuestra plataforma.","robots":{"index":"index","follow":"follow","max-snippet":"max-snippet:-1","max-image-preview":"max-image-preview:large","max-video-preview":"max-video-preview:-1"},"canonical":"https:\/\/cn.basler.com\/es\/verificacion-de-cuenta\/","og_locale":"es_ES","og_type":"article","og_title":"Verificaci\u00f3n de cuenta | Basler Electric","og_description":"Asegura tu acceso con la verificaci\u00f3n de cuenta. Descubre c\u00f3mo proteger tu informaci\u00f3n y disfrutar de una experiencia segura en nuestra plataforma.","og_url":"https:\/\/cn.basler.com\/es\/verificacion-de-cuenta\/","og_site_name":"Basler Electric","article_modified_time":"2025-09-12T18:08:25+00:00","og_image":[{"width":1920,"height":1080,"url":"https:\/\/cn.basler.com\/wp-content\/uploads\/2025\/07\/Basler-Default-Image.jpg","type":"image\/jpeg"}],"twitter_card":"summary_large_image","schema":{"@context":"https:\/\/schema.org","@graph":[{"@type":"WebPage","@id":"https:\/\/cn.basler.com\/es\/verificacion-de-cuenta\/","url":"https:\/\/cn.basler.com\/es\/verificacion-de-cuenta\/","name":"Verificaci\u00f3n de cuenta | Basler Electric","isPartOf":{"@id":"https:\/\/catalog.basler.com\/es\/#website"},"datePublished":"2025-05-21T00:34:03+00:00","dateModified":"2025-09-12T18:08:25+00:00","description":"Asegura tu acceso con la verificaci\u00f3n de cuenta. Descubre c\u00f3mo proteger tu informaci\u00f3n y disfrutar de una experiencia segura en nuestra plataforma.","breadcrumb":{"@id":"https:\/\/cn.basler.com\/es\/verificacion-de-cuenta\/#breadcrumb"},"inLanguage":"es-ES","potentialAction":[{"@type":"ReadAction","target":["https:\/\/cn.basler.com\/es\/verificacion-de-cuenta\/"]}]},{"@type":"BreadcrumbList","@id":"https:\/\/cn.basler.com\/es\/verificacion-de-cuenta\/#breadcrumb","itemListElement":[{"@type":"ListItem","position":1,"name":"Home","item":"https:\/\/sourceautosoftware.com\/es\/"},{"@type":"ListItem","position":2,"name":"Verificaci\u00f3n de cuenta"}]},{"@type":"WebSite","@id":"https:\/\/catalog.basler.com\/es\/#website","url":"https:\/\/catalog.basler.com\/es\/","name":"Basler Electric","description":"","publisher":{"@id":"https:\/\/catalog.basler.com\/es\/#organization"},"potentialAction":[{"@type":"SearchAction","target":{"@type":"EntryPoint","urlTemplate":"https:\/\/catalog.basler.com\/es\/?s={search_term_string}"},"query-input":{"@type":"PropertyValueSpecification","valueRequired":true,"valueName":"search_term_string"}}],"inLanguage":"es-ES"},{"@type":"Organization","@id":"https:\/\/catalog.basler.com\/es\/#organization","name":"Basler Electric","url":"https:\/\/catalog.basler.com\/es\/","logo":{"@type":"ImageObject","inLanguage":"es-ES","@id":"https:\/\/catalog.basler.com\/es\/#\/schema\/logo\/image\/","url":"https:\/\/www.basler.com\/wp-content\/uploads\/2025\/10\/Basler-Logo-Favicon.png","contentUrl":"https:\/\/www.basler.com\/wp-content\/uploads\/2025\/10\/Basler-Logo-Favicon.png","width":512,"height":512,"caption":"Basler Electric"},"image":{"@id":"https:\/\/catalog.basler.com\/es\/#\/schema\/logo\/image\/"}}]}},"_links":{"self":[{"href":"https:\/\/cn.basler.com\/es\/wp-json\/wp\/v2\/pages\/54702","targetHints":{"allow":["GET"]}}],"collection":[{"href":"https:\/\/cn.basler.com\/es\/wp-json\/wp\/v2\/pages"}],"about":[{"href":"https:\/\/cn.basler.com\/es\/wp-json\/wp\/v2\/types\/page"}],"author":[{"embeddable":true,"href":"https:\/\/cn.basler.com\/es\/wp-json\/wp\/v2\/users\/1"}],"replies":[{"embeddable":true,"href":"https:\/\/cn.basler.com\/es\/wp-json\/wp\/v2\/comments?post=54702"}],"version-history":[{"count":1,"href":"https:\/\/cn.basler.com\/es\/wp-json\/wp\/v2\/pages\/54702\/revisions"}],"predecessor-version":[{"id":54705,"href":"https:\/\/cn.basler.com\/es\/wp-json\/wp\/v2\/pages\/54702\/revisions\/54705"}],"wp:attachment":[{"href":"https:\/\/cn.basler.com\/es\/wp-json\/wp\/v2\/media?parent=54702"}],"curies":[{"name":"wp","href":"https:\/\/api.w.org\/{rel}","templated":true}]}}