{"id":39065,"date":"2025-07-14T16:40:05","date_gmt":"2025-07-14T21:40:05","guid":{"rendered":"https:\/\/www.basler.com\/product\/power-supply-44926\/"},"modified":"2025-07-14T16:40:05","modified_gmt":"2025-07-14T21:40:05","slug":"power-supply-44926","status":"publish","type":"product","link":"https:\/\/cn.basler.com\/de\/product\/power-supply-44926\/","title":{"rendered":"Power Supply (44926)"},"content":{"rendered":"<section  data-block-id=\"hammer_block_1f8025c07292c74fcebf8ee62acc817c\" data-block=\"hero-10\" class=\"block block-hero-10 hero-10\" id=\"overview\">    <div class=\"wrapper\">\n        <div class=\"left_content\">\n                            <div class=\"headline-wrapper\">\n                    \n                    <h1 id=\"hammer_component_69d2e79a5a9e2\" data-component=\"headline\" class=\"component component-headline headline style-default\">Power Supply (44926)<\/h1>\n                <\/div>\n            \n                            <div id=\"hammer_component_69d2e79a5aa66\" data-component=\"rich-text\" class=\"component component-rich-text rich-text\">External 24 Vdc Power Supply for use with IDP-801 and IDP-1201. Input Voltage Range: 85-276Vac, 50-60Hz, 88-375Vdc\r\nBasler P\/N 44926<\/div>\n            \n                                                <div class=\"buttons\">\n                                                                                                    \n                                            <\/div>\n                                    <\/div>\n\n                    <div class=\"right_content\">\n                <div class=\"slider slider-main\">\n                    <div class=\"swiper-wrapper\">\n                                                    <div class=\"swiper-slide\">\n                                                                    <figure id=\"hammer_component_69d2e79a5ac42\" data-component=\"image\" class=\"component component-image image\">\n        <picture class=\"picture\">\n            <img decoding=\"async\" width=\"1920\" height=\"1080\" src=\"https:\/\/cn.basler.com\/wp-content\/uploads\/2025\/09\/Basler-Default-Image.jpg\" class=\"img\" alt=\"\" loading=\"lazy\" title=\"\" srcset=\"https:\/\/cn.basler.com\/wp-content\/uploads\/2025\/09\/Basler-Default-Image.jpg 1920w, https:\/\/cn.basler.com\/wp-content\/uploads\/2025\/09\/Basler-Default-Image-768x432.jpg 768w, https:\/\/cn.basler.com\/wp-content\/uploads\/2025\/09\/Basler-Default-Image-1024x576.jpg 1024w, https:\/\/cn.basler.com\/wp-content\/uploads\/2025\/09\/Basler-Default-Image-150x84.jpg 150w, https:\/\/cn.basler.com\/wp-content\/uploads\/2025\/09\/Basler-Default-Image-414x233.jpg 414w, https:\/\/cn.basler.com\/wp-content\/uploads\/2025\/09\/Basler-Default-Image-1600x900.jpg 1600w\" sizes=\"auto, (max-width: 1920px) 100vw, 1920px\">        <\/picture>\n\n            <\/figure>\n                                                            <\/div>\n                                            <\/div>\n                <\/div>\n\n                            <\/div>\n            <\/div>\n    <\/section>\n\n\n\n\n\n<section  data-block-id=\"hammer_block_c350bfa6a999e8a886b5b33387187b09\" data-block=\"product-documentation-listing\" class=\"block block-product-documentation-listing product-documentation-listing spacing-top-klein spacing-bottom-normal\" id=\"documentation\"><div id=\"listing-app\" class=\"component component-listing listing wrapper ember-entrance listing-product-documentation-listing\" data-component=\"listing\" data-fields=\"eyJwb3N0VHlwZSI6ImRvY3VtZW50IiwibGF5b3V0IjoicHJvZHVjdC1kb2N1bWVudGF0aW9uLWxpc3RpbmciLCJoZWFkbGluZSI6eyJ0ZXh0IjoiUmVzc291cmNlbi1IdWIiLCJodG1sVGFnIjoiaDIiLCJzdHlsZSI6ImRpc3BsYXkta2xlaW4ifSwiZmlsdGVycyI6W3t9LHt9XSwiZmlsdGVyc1N0eWxlIjoiYWNjb3JkaW9uIiwiZmlsdGVyc01vZGUiOiJhdXRvIiwicG9zdHNQZXJQYWdlIjoiNCIsImhpZGVGaWx0ZXJzIjp0cnVlLCJoaWRlUGFnaW5hdGlvbiI6dHJ1ZSwic2hvd1NlYXJjaCI6bnVsbCwic2hvd0FwcGxpZWQiOmZhbHNlLCJzaG93UGVyUGFnZURyb3Bkb3duIjp0cnVlLCJjdGEiOm51bGwsImlzUGFyZW50IjpmYWxzZSwic2VhcmNoVGV4dCI6bnVsbCwiaWQiOiJjb21wLTY5ZDJlNzlhNzlhZGUifQ==\">\n        <router-view><\/router-view>\n    <script>\n        window.listingFilters = [{\"id\":\"languages\",\"title\":\"Languages\",\"hidden\":false,\"opened\":false,\"route\":{\"key\":\"languages\",\"type\":\"query\"},\"choices\":[{\"id\":522,\"title\":\"English\",\"value\":\"english\",\"parent\":false,\"checked\":false,\"opened\":false,\"categories\":[],\"sub_choices\":[]},{\"id\":523,\"title\":\"Chinese\",\"value\":\"chinese\",\"parent\":false,\"checked\":false,\"opened\":false,\"categories\":[],\"sub_choices\":[]},{\"id\":631,\"title\":\"Spanish\",\"value\":\"spanish\",\"parent\":false,\"checked\":false,\"opened\":false,\"categories\":[],\"sub_choices\":[]},{\"id\":633,\"title\":\"Portuguese\",\"value\":\"portuguese\",\"parent\":false,\"checked\":false,\"opened\":false,\"categories\":[],\"sub_choices\":[]},{\"id\":629,\"title\":\"French\",\"value\":\"french\",\"parent\":false,\"checked\":false,\"opened\":false,\"categories\":[],\"sub_choices\":[]},{\"id\":630,\"title\":\"German\",\"value\":\"german\",\"parent\":false,\"checked\":false,\"opened\":false,\"categories\":[],\"sub_choices\":[]},{\"id\":680,\"title\":\"Bulgarian\",\"value\":\"bulgarian\",\"parent\":false,\"checked\":false,\"opened\":false,\"categories\":[],\"sub_choices\":[]},{\"id\":632,\"title\":\"Japanese\",\"value\":\"japanese\",\"parent\":false,\"checked\":false,\"opened\":false,\"categories\":[],\"sub_choices\":[]},{\"id\":711,\"title\":\"Italian\",\"value\":\"italian\",\"parent\":false,\"checked\":false,\"opened\":false,\"categories\":[],\"sub_choices\":[]}]},{\"id\":\"resource-type\",\"title\":\"Resource Type\",\"hidden\":false,\"opened\":false,\"route\":{\"key\":\"resource-type\",\"type\":\"query\"},\"choices\":[]}];\n        window.listingPosts = {\"posts\":[],\"total\":0,\"max_num_pages\":0};\n\t<\/script><\/div>\n    <link rel=\"stylesheet\" href=\"https:\/\/unpkg.com\/vue-multiselect\/dist\/vue-multiselect.min.css\">\n    <\/section>\n\n\n\n\n\n<section  data-block-id=\"hammer_block_ce1d0548018ace3691177df863308e01\" data-block=\"text-5\" class=\"block block-text-5 text-5 bg-dark spacing-top-default spacing-bottom-default\">    <div class=\"wrapper\">\n        <div class=\"contents\">\n            <div class=\"left\">\n                                    <h3 class=\"title\">\u2013 Leben ver\u00e4ndern mit innovativen, zuverl\u00e4ssigen Produkten, die auf Integrit\u00e4t und Nachhaltigkeit basieren.<\/h3>\n                \n            <\/div>\n\n            <div class=\"right\">\n                            <\/div>\n        <\/div>\n    <\/div>\n    <\/section>\n\n\n\n<section  data-block-id=\"hammer_block_4eb75b3818f94dd8f635b9f2f646bf0c\" data-block=\"cta-banner-8\" class=\"block block-cta-banner-8 cta-banner-8 spacing-top-default spacing-bottom-large\">    <div class=\"wrapper\">\n        <div class=\"banner\">\n                            <div class=\"headline-wrapper\">\n                                        <h2 id=\"hammer_component_69d2e79b0ec23\" data-component=\"headline\" class=\"component component-headline headline style-default\">&mdash; Sprechen Sie mit uns: Ihr direkter Draht zu Support &amp; L&ouml;sungen.<\/h2>\n                <\/div>\n            \n                            <div class=\"text-wrapper\">\n                    <div id=\"hammer_component_69d2e79b0ec8b\" data-component=\"rich-text\" class=\"component component-rich-text rich-text\"><p>Kontaktieren Sie Basler Electric noch heute f&uuml;r weitere Informationen zu unseren Dienstleistungen und Produkten.<\/p>\n<\/div>\n                                            <div class=\"actions\">\n                            <a id=\"hammer_component_69d2e79b0ecc2\" data-component=\"button\" class=\"component component-button button style-primary\" href=\"https:\/\/cn.basler.com\/de\/kontaktieren-sie-uns\/\" target=\"\" title=\"Kontaktieren Sie uns\" aria-label=\"Kontaktieren Sie uns\">    <span class=\"button-wrapper\">\n                    <strong class=\"button-text\">Kontaktieren Sie uns<\/strong>\n        \n                    <span class=\"icon-wrapper\" aria-hidden=\"true\">\n                <span class=\"button-icon\">\n                    <?xml version=\"1.0\" encoding=\"UTF-8\"?> <svg xmlns=\"http:\/\/www.w3.org\/2000\/svg\" width=\"8\" height=\"8\" viewbox=\"0 0 8 8\" fill=\"currentColor\"><path fill-rule=\"evenodd\" clip-rule=\"evenodd\" d=\"M7.25606 1.27007L0.526065 8L0 7.47393L6.73 0.743975H0.789112V0H8.00004V7.21087H7.25606V1.27007Z\" fill=\"currentColor\"><\/path><\/svg>                 <\/span>\n            <\/span>\n            <\/span>\n    <\/a>\n                        <\/div>\n                                    <\/div>\n            \n            <div id=\"hammer_component_69d2e79b0edd6\" data-component=\"image-video\" class=\"component component-image-video image-video\"><figure id=\"hammer_component_69d2e79b0ee09\" data-component=\"image\" class=\"component component-image image has-overlay\">\n        <picture class=\"picture\">\n            <img decoding=\"async\" width=\"1560\" height=\"720\" src=\"https:\/\/cn.basler.com\/wp-content\/uploads\/2024\/11\/Banner-1.jpg\" class=\"img\" alt=\"\" loading=\"lazy\" title=\"\" srcset=\"https:\/\/cn.basler.com\/wp-content\/uploads\/2024\/11\/Banner-1.jpg 1560w, https:\/\/cn.basler.com\/wp-content\/uploads\/2024\/11\/Banner-1-768x354.jpg 768w, https:\/\/cn.basler.com\/wp-content\/uploads\/2024\/11\/Banner-1-1024x473.jpg 1024w, https:\/\/cn.basler.com\/wp-content\/uploads\/2024\/11\/Banner-1-150x69.jpg 150w, https:\/\/cn.basler.com\/wp-content\/uploads\/2024\/11\/Banner-1-414x191.jpg 414w\" sizes=\"auto, (max-width: 1560px) 100vw, 1560px\">        <\/picture>\n\n            <\/figure>\n<\/div>\n        <\/div>\n    <\/div>\n    <\/section>","protected":false},"excerpt":{"rendered":"<p>External 24 Vdc Power Supply for use with IDP-801 and IDP-1201. Input Voltage Range: 85-276Vac, 50-60Hz, 88-375Vdc<br \/>\nBasler P\/N 44926<\/p>\n","protected":false},"author":1,"featured_media":0,"parent":0,"menu_order":78,"template":"","product-category":[],"class_list":["post-39065","product","type-product","status-publish","hentry"],"acf":[],"yoast_head":"<!-- This site is optimized with the Yoast SEO plugin v26.3 - https:\/\/yoast.com\/wordpress\/plugins\/seo\/ -->\n<title>Power Supply (44926) | Basler Electric<\/title>\n<meta name=\"description\" content=\"External 24 Vdc Power Supply for use with IDP-801 and IDP-1201. Input Voltage Range: 85-276Vac, 50-60Hz, 88-375Vdc Basler P\/N 44926\" \/>\n<meta name=\"robots\" content=\"index, follow, max-snippet:-1, max-image-preview:large, max-video-preview:-1\" \/>\n<link rel=\"canonical\" href=\"https:\/\/cn.basler.com\/de\/product\/power-supply-44926\/\" \/>\n<meta property=\"og:locale\" content=\"de_DE\" \/>\n<meta property=\"og:type\" content=\"article\" \/>\n<meta property=\"og:title\" content=\"Power Supply (44926) | Basler Electric\" \/>\n<meta property=\"og:description\" content=\"External 24 Vdc Power Supply for use with IDP-801 and IDP-1201. Input Voltage Range: 85-276Vac, 50-60Hz, 88-375Vdc Basler P\/N 44926\" \/>\n<meta property=\"og:url\" content=\"https:\/\/cn.basler.com\/de\/product\/power-supply-44926\/\" \/>\n<meta property=\"og:site_name\" content=\"Basler Electric\" \/>\n<meta property=\"og:image\" content=\"https:\/\/cn.basler.com\/wp-content\/uploads\/2025\/07\/Basler-Default-Image.jpg\" \/>\n\t<meta property=\"og:image:width\" content=\"1920\" \/>\n\t<meta property=\"og:image:height\" content=\"1080\" \/>\n\t<meta property=\"og:image:type\" content=\"image\/jpeg\" \/>\n<meta name=\"twitter:card\" content=\"summary_large_image\" \/>\n<script type=\"application\/ld+json\" class=\"yoast-schema-graph\">{\"@context\":\"https:\/\/schema.org\",\"@graph\":[{\"@type\":\"WebPage\",\"@id\":\"https:\/\/cn.basler.com\/de\/product\/power-supply-44926\/\",\"url\":\"https:\/\/cn.basler.com\/de\/product\/power-supply-44926\/\",\"name\":\"Power Supply (44926) | Basler Electric\",\"isPartOf\":{\"@id\":\"https:\/\/catalog.basler.com\/#website\"},\"datePublished\":\"2025-07-14T21:40:05+00:00\",\"description\":\"External 24 Vdc Power Supply for use with IDP-801 and IDP-1201. Input Voltage Range: 85-276Vac, 50-60Hz, 88-375Vdc Basler P\/N 44926\",\"breadcrumb\":{\"@id\":\"https:\/\/cn.basler.com\/de\/product\/power-supply-44926\/#breadcrumb\"},\"inLanguage\":\"de-DE\",\"potentialAction\":[{\"@type\":\"ReadAction\",\"target\":[\"https:\/\/cn.basler.com\/de\/product\/power-supply-44926\/\"]}]},{\"@type\":\"BreadcrumbList\",\"@id\":\"https:\/\/cn.basler.com\/de\/product\/power-supply-44926\/#breadcrumb\",\"itemListElement\":[{\"@type\":\"ListItem\",\"position\":1,\"name\":\"Home\",\"item\":\"https:\/\/e2powersystems.com\/de\/\"},{\"@type\":\"ListItem\",\"position\":2,\"name\":\"Products\",\"item\":\"https:\/\/cn.basler.com\/de\/product\/\"},{\"@type\":\"ListItem\",\"position\":3,\"name\":\"Power Supply (44926)\"}]},{\"@type\":\"WebSite\",\"@id\":\"https:\/\/catalog.basler.com\/#website\",\"url\":\"https:\/\/catalog.basler.com\/\",\"name\":\"Basler Electric\",\"description\":\"\",\"publisher\":{\"@id\":\"https:\/\/catalog.basler.com\/#organization\"},\"potentialAction\":[{\"@type\":\"SearchAction\",\"target\":{\"@type\":\"EntryPoint\",\"urlTemplate\":\"https:\/\/catalog.basler.com\/?s={search_term_string}\"},\"query-input\":{\"@type\":\"PropertyValueSpecification\",\"valueRequired\":true,\"valueName\":\"search_term_string\"}}],\"inLanguage\":\"de-DE\"},{\"@type\":\"Organization\",\"@id\":\"https:\/\/catalog.basler.com\/#organization\",\"name\":\"Basler Electric\",\"url\":\"https:\/\/catalog.basler.com\/\",\"logo\":{\"@type\":\"ImageObject\",\"inLanguage\":\"de-DE\",\"@id\":\"https:\/\/catalog.basler.com\/#\/schema\/logo\/image\/\",\"url\":\"https:\/\/www.basler.com\/wp-content\/uploads\/2025\/10\/Basler-Logo-Favicon.png\",\"contentUrl\":\"https:\/\/www.basler.com\/wp-content\/uploads\/2025\/10\/Basler-Logo-Favicon.png\",\"width\":512,\"height\":512,\"caption\":\"Basler Electric\"},\"image\":{\"@id\":\"https:\/\/catalog.basler.com\/#\/schema\/logo\/image\/\"}}]}<\/script>\n<!-- \/ Yoast SEO plugin. -->","yoast_head_json":{"title":"Power Supply (44926) | Basler Electric","description":"External 24 Vdc Power Supply for use with IDP-801 and IDP-1201. Input Voltage Range: 85-276Vac, 50-60Hz, 88-375Vdc Basler P\/N 44926","robots":{"index":"index","follow":"follow","max-snippet":"max-snippet:-1","max-image-preview":"max-image-preview:large","max-video-preview":"max-video-preview:-1"},"canonical":"https:\/\/cn.basler.com\/de\/product\/power-supply-44926\/","og_locale":"de_DE","og_type":"article","og_title":"Power Supply (44926) | Basler Electric","og_description":"External 24 Vdc Power Supply for use with IDP-801 and IDP-1201. Input Voltage Range: 85-276Vac, 50-60Hz, 88-375Vdc Basler P\/N 44926","og_url":"https:\/\/cn.basler.com\/de\/product\/power-supply-44926\/","og_site_name":"Basler Electric","og_image":[{"width":1920,"height":1080,"url":"https:\/\/cn.basler.com\/wp-content\/uploads\/2025\/07\/Basler-Default-Image.jpg","type":"image\/jpeg"}],"twitter_card":"summary_large_image","schema":{"@context":"https:\/\/schema.org","@graph":[{"@type":"WebPage","@id":"https:\/\/cn.basler.com\/de\/product\/power-supply-44926\/","url":"https:\/\/cn.basler.com\/de\/product\/power-supply-44926\/","name":"Power Supply (44926) | Basler Electric","isPartOf":{"@id":"https:\/\/catalog.basler.com\/#website"},"datePublished":"2025-07-14T21:40:05+00:00","description":"External 24 Vdc Power Supply for use with IDP-801 and IDP-1201. Input Voltage Range: 85-276Vac, 50-60Hz, 88-375Vdc Basler P\/N 44926","breadcrumb":{"@id":"https:\/\/cn.basler.com\/de\/product\/power-supply-44926\/#breadcrumb"},"inLanguage":"de-DE","potentialAction":[{"@type":"ReadAction","target":["https:\/\/cn.basler.com\/de\/product\/power-supply-44926\/"]}]},{"@type":"BreadcrumbList","@id":"https:\/\/cn.basler.com\/de\/product\/power-supply-44926\/#breadcrumb","itemListElement":[{"@type":"ListItem","position":1,"name":"Home","item":"https:\/\/e2powersystems.com\/de\/"},{"@type":"ListItem","position":2,"name":"Products","item":"https:\/\/cn.basler.com\/de\/product\/"},{"@type":"ListItem","position":3,"name":"Power Supply (44926)"}]},{"@type":"WebSite","@id":"https:\/\/catalog.basler.com\/#website","url":"https:\/\/catalog.basler.com\/","name":"Basler Electric","description":"","publisher":{"@id":"https:\/\/catalog.basler.com\/#organization"},"potentialAction":[{"@type":"SearchAction","target":{"@type":"EntryPoint","urlTemplate":"https:\/\/catalog.basler.com\/?s={search_term_string}"},"query-input":{"@type":"PropertyValueSpecification","valueRequired":true,"valueName":"search_term_string"}}],"inLanguage":"de-DE"},{"@type":"Organization","@id":"https:\/\/catalog.basler.com\/#organization","name":"Basler Electric","url":"https:\/\/catalog.basler.com\/","logo":{"@type":"ImageObject","inLanguage":"de-DE","@id":"https:\/\/catalog.basler.com\/#\/schema\/logo\/image\/","url":"https:\/\/www.basler.com\/wp-content\/uploads\/2025\/10\/Basler-Logo-Favicon.png","contentUrl":"https:\/\/www.basler.com\/wp-content\/uploads\/2025\/10\/Basler-Logo-Favicon.png","width":512,"height":512,"caption":"Basler Electric"},"image":{"@id":"https:\/\/catalog.basler.com\/#\/schema\/logo\/image\/"}}]}},"_links":{"self":[{"href":"https:\/\/cn.basler.com\/de\/wp-json\/wp\/v2\/product\/39065","targetHints":{"allow":["GET"]}}],"collection":[{"href":"https:\/\/cn.basler.com\/de\/wp-json\/wp\/v2\/product"}],"about":[{"href":"https:\/\/cn.basler.com\/de\/wp-json\/wp\/v2\/types\/product"}],"author":[{"embeddable":true,"href":"https:\/\/cn.basler.com\/de\/wp-json\/wp\/v2\/users\/1"}],"wp:attachment":[{"href":"https:\/\/cn.basler.com\/de\/wp-json\/wp\/v2\/media?parent=39065"}],"wp:term":[{"taxonomy":"product-category","embeddable":true,"href":"https:\/\/cn.basler.com\/de\/wp-json\/wp\/v2\/product-category?post=39065"}],"curies":[{"name":"wp","href":"https:\/\/api.w.org\/{rel}","templated":true}]}}