{"id":53908,"date":"2025-07-14T22:49:30","date_gmt":"2025-07-15T03:49:30","guid":{"rendered":"https:\/\/www.basler.com\/e%c2%b2-ingenieurdienstleistungen\/elektrischer-systementwurf\/"},"modified":"2025-09-10T17:17:48","modified_gmt":"2025-09-10T22:17:48","slug":"elektrischer-systementwurf","status":"publish","type":"page","link":"https:\/\/cn.basler.com\/de\/e%c2%b2-ingenieurdienstleistungen\/elektrischer-systementwurf\/","title":{"rendered":"Elektrischer Systementwurf"},"content":{"rendered":"<section  data-block-id=\"hammer_block_99e8a723ccf36d029606ae576ea61d40\" data-block=\"hero-background-image-text\" class=\"block block-hero-background-image-text hero-background-image-text spacing-top-default spacing-bottom-default style-kompakt\">\t<div class=\"wrapper has-media full-width\">\r\n\t\t<div class=\"inner\">\r\n\t\t\t<figure id=\"hammer_component_69d29565c6395\" data-component=\"image\" class=\"component component-image image bg-image has-overlay\">\n        <picture class=\"picture\">\n            <img decoding=\"async\" width=\"1600\" height=\"1067\" src=\"https:\/\/cn.basler.com\/wp-content\/uploads\/2025\/05\/iStock-173253021-1600x1067.jpg\" class=\"img\" alt=\"\" loading=\"lazy\" title=\"\" srcset=\"https:\/\/cn.basler.com\/wp-content\/uploads\/2025\/05\/iStock-173253021-1600x1067.jpg 1600w, https:\/\/cn.basler.com\/wp-content\/uploads\/2025\/05\/iStock-173253021-768x512.jpg 768w, https:\/\/cn.basler.com\/wp-content\/uploads\/2025\/05\/iStock-173253021-1024x683.jpg 1024w, https:\/\/cn.basler.com\/wp-content\/uploads\/2025\/05\/iStock-173253021-150x100.jpg 150w, https:\/\/cn.basler.com\/wp-content\/uploads\/2025\/05\/iStock-173253021-414x276.jpg 414w, https:\/\/cn.basler.com\/wp-content\/uploads\/2025\/05\/iStock-173253021-1920x1280.jpg 1920w\" sizes=\"auto, (max-width: 1600px) 100vw, 1600px\">        <\/picture>\n\n                    <figcaption class=\"caption\">Turbines of hydroelectricity power station generators inside the Hoover Dam fuel and power generation plant, Arizona, Nevada, USA.<\/figcaption>\n            <\/figure>\n\r\n\t\t\t\r\n\t\t\t<div class=\"content-wrapper\">\r\n\t\t\t\t<h1 id=\"hammer_component_69d29565c6bfa\" data-component=\"headline\" class=\"component component-headline headline title style-default\">Elektrischer Systementwurf<\/h1>\n\r\n\t\t\t\t<div class=\"text\">\r\n\t\t\t\t\t<div id=\"hammer_component_69d29565c6c67\" data-component=\"rich-text\" class=\"component component-rich-text rich-text\"><p>Basler Services, eine hundertprozentige Tochtergesellschaft von Basler Electric, bietet umfassende L&ouml;sungen f&uuml;r das Design elektrischer Systeme, die auf die Stromerzeugung und industrielle Anwendungen zugeschnitten sind. Dazu geh&ouml;ren Systemintegration, Generatorerregung und -schutz, Spannungsregelung und die Steuerung von Synchronmotoren.<\/p>\n<\/div>\n\r\n\t\t\t\t\t\t\t\t\t\t\t<a id=\"hammer_component_69d29565c6cd6\" data-component=\"button\" class=\"component component-button button style-prim&auml;r\" href=\"https:\/\/www.basler.com\/contact#provide-feedback\" target=\"\" title=\"Kontaktieren Sie uns\" aria-label=\"Kontaktieren Sie uns\">    <span class=\"button-wrapper\">\n                    <strong class=\"button-text\">Kontaktieren Sie uns<\/strong>\n        \n                    <span class=\"icon-wrapper\" aria-hidden=\"true\">\n                <span class=\"button-icon\">\n                    <?xml version=\"1.0\" encoding=\"UTF-8\"?> <svg xmlns=\"http:\/\/www.w3.org\/2000\/svg\" width=\"8\" height=\"8\" viewbox=\"0 0 8 8\" fill=\"currentColor\"><path fill-rule=\"evenodd\" clip-rule=\"evenodd\" d=\"M7.25606 1.27007L0.526065 8L0 7.47393L6.73 0.743975H0.789112V0H8.00004V7.21087H7.25606V1.27007Z\" fill=\"currentColor\"><\/path><\/svg>                 <\/span>\n            <\/span>\n            <\/span>\n    <\/a>\n\t\t\t\t\t\t\t\t\t<\/div>\r\n\r\n\t\t\t<\/div>\r\n\t\t<\/div>\r\n\t<\/div>\r\n<\/section><section  data-block-id=\"hammer_block_6cc2e877cd17368235f436cfe0575814\" data-block=\"listing-collapse\" class=\"block block-listing-collapse listing-collapse spacing-top-klein spacing-bottom-default\">    \t\t<header class=\"wrapper wrapper-top\">\n            <h2 id=\"hammer_component_69d29565e24e3\" data-component=\"headline\" class=\"component component-headline headline style-&Uuml;berschrift-Held\">E&sup2; Ingenieurdienstleistungen<\/h2>\n            \t\t<\/header>\n    \n\t<div class=\"wrapper wrapper-bottom\">\n        \t\t\t<hr class=\"line\" role=\"presentation\"\/>\n\t\t\t<article class=\"post active\" tabindex=\"0\">\n                <figure id=\"hammer_component_69d29565e25b3\" data-component=\"image\" class=\"component component-image image\">\n        <picture class=\"picture\">\n            <img decoding=\"async\" width=\"3840\" height=\"2560\" src=\"https:\/\/cn.basler.com\/wp-content\/uploads\/2025\/07\/Man_at_computer-e1752806672579.webp\" class=\"img\" alt=\"Man_at_computer\" loading=\"lazy\" title=\"\">        <\/picture>\n\n            <\/figure>\n\n\t\t\t\t<div class=\"content\">\n\t\t\t\t\t<div class=\"infos\">\n\t\t\t\t\t\t<h3 class=\"title\">Systemintegration und Design<\/h3>\n\n                        \t\t\t\t\t\t\t<p class=\"excerpt\">Es geht nicht nur darum, ein neues Ger\u00e4t zu installieren und die PID-Schleife einzurichten: Es geht auch um die Systemintegration. Basler Services hat Erfahrung mit allen Arten von Stromerzeugungssystemen und wei\u00df, wie man alle neuen und alten Elemente richtig miteinander verbindet, um ein zuverl\u00e4ssiges und effizientes System zu schaffen. <\/p>\n                        \t\t\t\t\t<\/div>\n\n                    \t\t\t\t\t\t<div class=\"wrapper-button\">\n                            <a id=\"hammer_component_69d29565e2c9d\" data-component=\"button\" class=\"component component-button button style-prim&auml;r\" href=\"https:\/\/www.basler.com\/e2-engineering-services\/\" target=\"\" title=\"Mehr erfahren\" aria-label=\"Mehr erfahren\">    <span class=\"button-wrapper\">\n                    <strong class=\"button-text\">Mehr erfahren<\/strong>\n        \n                    <span class=\"icon-wrapper\" aria-hidden=\"true\">\n                <span class=\"button-icon\">\n                    <?xml version=\"1.0\" encoding=\"UTF-8\"?> <svg xmlns=\"http:\/\/www.w3.org\/2000\/svg\" width=\"8\" height=\"8\" viewbox=\"0 0 8 8\" fill=\"currentColor\"><path fill-rule=\"evenodd\" clip-rule=\"evenodd\" d=\"M7.25606 1.27007L0.526065 8L0 7.47393L6.73 0.743975H0.789112V0H8.00004V7.21087H7.25606V1.27007Z\" fill=\"currentColor\"><\/path><\/svg>                 <\/span>\n            <\/span>\n            <\/span>\n    <\/a>\n\t\t\t\t\t\t<\/div>\n                    \t\t\t\t<\/div>\n\t\t\t<\/article>\n        \t\t\t<hr class=\"line\" role=\"presentation\"\/>\n\t\t\t<article class=\"post \" tabindex=\"0\">\n                <figure id=\"hammer_component_69d29565e2e8c\" data-component=\"image\" class=\"component component-image image\">\n        <picture class=\"picture\">\n            <img decoding=\"async\" width=\"3456\" height=\"4608\" src=\"https:\/\/cn.basler.com\/wp-content\/uploads\/2025\/07\/excitation_system_engineers-e1752807099505.webp\" class=\"img\" alt=\"\" loading=\"lazy\" title=\"\">        <\/picture>\n\n            <\/figure>\n\n\t\t\t\t<div class=\"content\">\n\t\t\t\t\t<div class=\"infos\">\n\t\t\t\t\t\t<h3 class=\"title\">Generatorsteuerung und Schutzsysteme<\/h3>\n\n                        \t\t\t\t\t\t\t<p class=\"excerpt\">Der Generatorenspezialist von Basler Services f\u00fchrt eine Generatorstudie durch, um festzustellen, was ben\u00f6tigt wird, um die Betriebseffizienz zu maximieren, die Zuverl\u00e4ssigkeit zu erh\u00f6hen und die Kosten zu senken. Unser Generatorenspezialist gibt die erforderlichen Anweisungen, um die Lebensf\u00e4higkeit der Systeme, der Ausr\u00fcstung und der Sicherheit der Mitarbeiter zu gew\u00e4hrleisten. <\/p>\n                        \t\t\t\t\t<\/div>\n\n                    \t\t\t\t\t\t<div class=\"wrapper-button\">\n                            <a id=\"hammer_component_69d29565e3388\" data-component=\"button\" class=\"component component-button button style-prim&auml;r\" href=\"https:\/\/www.basler.com\/service\/e2-engineering-generator-control-and-protection-systems\/\" target=\"\" title=\"Mehr erfahren\" aria-label=\"Mehr erfahren\">    <span class=\"button-wrapper\">\n                    <strong class=\"button-text\">Mehr erfahren<\/strong>\n        \n                    <span class=\"icon-wrapper\" aria-hidden=\"true\">\n                <span class=\"button-icon\">\n                    <?xml version=\"1.0\" encoding=\"UTF-8\"?> <svg xmlns=\"http:\/\/www.w3.org\/2000\/svg\" width=\"8\" height=\"8\" viewbox=\"0 0 8 8\" fill=\"currentColor\"><path fill-rule=\"evenodd\" clip-rule=\"evenodd\" d=\"M7.25606 1.27007L0.526065 8L0 7.47393L6.73 0.743975H0.789112V0H8.00004V7.21087H7.25606V1.27007Z\" fill=\"currentColor\"><\/path><\/svg>                 <\/span>\n            <\/span>\n            <\/span>\n    <\/a>\n\t\t\t\t\t\t<\/div>\n                    \t\t\t\t<\/div>\n\t\t\t<\/article>\n        \t\t\t<hr class=\"line\" role=\"presentation\"\/>\n\t\t\t<article class=\"post \" tabindex=\"0\">\n                <figure id=\"hammer_component_69d29565e350e\" data-component=\"image\" class=\"component component-image image\">\n        <picture class=\"picture\">\n            <img decoding=\"async\" width=\"3840\" height=\"2160\" src=\"https:\/\/cn.basler.com\/wp-content\/uploads\/2025\/07\/Head_of_project_holds_laptop-e1752807211868.webp\" class=\"img\" alt=\"\" loading=\"lazy\" title=\"\">        <\/picture>\n\n            <\/figure>\n\n\t\t\t\t<div class=\"content\">\n\t\t\t\t\t<div class=\"infos\">\n\t\t\t\t\t\t<h3 class=\"title\">Generator-Erregungssysteme und Spannungsregler<\/h3>\n\n                        \t\t\t\t\t\t\t<p class=\"excerpt\">Zu den Funktionen der neuen digitalen Schnittstelle f\u00fcr statische Erregung und Spannungsregler geh\u00f6ren Datenprotokollierung (Oszillografie), Aufzeichnung von Ereignisfolgen und dynamische Systemanalysatoren in Echtzeit. Diese k\u00f6nnen einfach mit einem Laptop eingerichtet und aufgerufen werden und sind eine gro\u00dfe Hilfe bei Systemtests und der Fehlersuche bei Problemen, die beispielsweise durch Systemst\u00f6rungen verursacht werden. Wir k\u00f6nnen jetzt die Leistung des Systems sowohl vor als auch nach jeder Systemst\u00f6rung aufzeichnen.  <\/p>\n                        \t\t\t\t\t<\/div>\n\n                    \t\t\t\t\t\t<div class=\"wrapper-button\">\n                            <a id=\"hammer_component_69d29565e3a25\" data-component=\"button\" class=\"component component-button button style-prim&auml;r\" href=\"https:\/\/www.basler.com\/service\/generator-excitation-systems-voltage-regulators\/\" target=\"\" title=\"Mehr erfahren\" aria-label=\"Mehr erfahren\">    <span class=\"button-wrapper\">\n                    <strong class=\"button-text\">Mehr erfahren<\/strong>\n        \n                    <span class=\"icon-wrapper\" aria-hidden=\"true\">\n                <span class=\"button-icon\">\n                    <?xml version=\"1.0\" encoding=\"UTF-8\"?> <svg xmlns=\"http:\/\/www.w3.org\/2000\/svg\" width=\"8\" height=\"8\" viewbox=\"0 0 8 8\" fill=\"currentColor\"><path fill-rule=\"evenodd\" clip-rule=\"evenodd\" d=\"M7.25606 1.27007L0.526065 8L0 7.47393L6.73 0.743975H0.789112V0H8.00004V7.21087H7.25606V1.27007Z\" fill=\"currentColor\"><\/path><\/svg>                 <\/span>\n            <\/span>\n            <\/span>\n    <\/a>\n\t\t\t\t\t\t<\/div>\n                    \t\t\t\t<\/div>\n\t\t\t<\/article>\n        \t\t\t<hr class=\"line\" role=\"presentation\"\/>\n\t\t\t<article class=\"post \" tabindex=\"0\">\n                <figure id=\"hammer_component_69d29565e3b99\" data-component=\"image\" class=\"component component-image image\">\n        <picture class=\"picture\">\n            <img decoding=\"async\" width=\"3840\" height=\"2555\" src=\"https:\/\/cn.basler.com\/wp-content\/uploads\/2025\/07\/Engineering_people_plans_on_glass-e1752806650466.webp\" class=\"img\" alt=\"\" loading=\"lazy\" title=\"\">        <\/picture>\n\n            <\/figure>\n\n\t\t\t\t<div class=\"content\">\n\t\t\t\t\t<div class=\"infos\">\n\t\t\t\t\t\t<h3 class=\"title\">Sync-Motor- oder Verfl\u00fcssiger-Steuerungs- und Schutzsysteme<\/h3>\n\n                        \t\t\t\t\t\t\t<p class=\"excerpt\">Unsere Ingenieure kennen die besonderen Anforderungen, die mit der Steuerung von Synchronmotoren verbunden sind, und entwickeln ein komplettes System zur Steuerung von Synchronmotoren. Dieses System umfasst Ger\u00e4te, die erforderlich sind, um den Motor sicher zu beschleunigen und die Gleichspannung zum richtigen Zeitpunkt an das Drehfeld anzulegen, um eine schnelle Synchronisierung zu gew\u00e4hrleisten und gleichzeitig den Motor vor \u00dcberlast, Blockierung, Auszug und Unterfrequenz zu sch\u00fctzen. <\/p>\n                        \t\t\t\t\t<\/div>\n\n                    \t\t\t\t\t\t<div class=\"wrapper-button\">\n                            <a id=\"hammer_component_69d29565e40d0\" data-component=\"button\" class=\"component component-button button style-prim&auml;r\" href=\"https:\/\/www.basler.com\/service\/sync-motor-condenser-control-and-protection-systems\/\" target=\"\" title=\"Mehr erfahren\" aria-label=\"Mehr erfahren\">    <span class=\"button-wrapper\">\n                    <strong class=\"button-text\">Mehr erfahren<\/strong>\n        \n                    <span class=\"icon-wrapper\" aria-hidden=\"true\">\n                <span class=\"button-icon\">\n                    <?xml version=\"1.0\" encoding=\"UTF-8\"?> <svg xmlns=\"http:\/\/www.w3.org\/2000\/svg\" width=\"8\" height=\"8\" viewbox=\"0 0 8 8\" fill=\"currentColor\"><path fill-rule=\"evenodd\" clip-rule=\"evenodd\" d=\"M7.25606 1.27007L0.526065 8L0 7.47393L6.73 0.743975H0.789112V0H8.00004V7.21087H7.25606V1.27007Z\" fill=\"currentColor\"><\/path><\/svg>                 <\/span>\n            <\/span>\n            <\/span>\n    <\/a>\n\t\t\t\t\t\t<\/div>\n                    \t\t\t\t<\/div>\n\t\t\t<\/article>\n        \t\t<hr class=\"line\" role=\"presentation\"\/>\n\t<\/div>\n    <\/section>","protected":false},"excerpt":{"rendered":"","protected":false},"author":1,"featured_media":0,"parent":53612,"menu_order":0,"comment_status":"closed","ping_status":"closed","template":"","meta":{"_acf_changed":false,"content-type":"","inline_featured_image":false,"ep_exclude_from_search":false,"footnotes":""},"class_list":["post-53908","page","type-page","status-publish","hentry"],"acf":[],"yoast_head":"<!-- This site is optimized with the Yoast SEO plugin v26.3 - https:\/\/yoast.com\/wordpress\/plugins\/seo\/ -->\n<title>Elektrischer Systementwurf | Basler Electric<\/title>\n<meta name=\"robots\" content=\"index, follow, max-snippet:-1, max-image-preview:large, max-video-preview:-1\" \/>\n<link rel=\"canonical\" href=\"https:\/\/cn.basler.com\/de\/e%c2%b2-ingenieurdienstleistungen\/elektrischer-systementwurf\/\" \/>\n<meta property=\"og:locale\" content=\"de_DE\" \/>\n<meta property=\"og:type\" content=\"article\" \/>\n<meta property=\"og:title\" content=\"Elektrischer Systementwurf | Basler Electric\" \/>\n<meta property=\"og:url\" content=\"https:\/\/cn.basler.com\/de\/e%c2%b2-ingenieurdienstleistungen\/elektrischer-systementwurf\/\" \/>\n<meta property=\"og:site_name\" content=\"Basler Electric\" \/>\n<meta property=\"article:modified_time\" content=\"2025-09-10T22:17:48+00:00\" \/>\n<meta property=\"og:image\" content=\"https:\/\/cn.basler.com\/wp-content\/uploads\/2025\/07\/Basler-Default-Image.jpg\" \/>\n\t<meta property=\"og:image:width\" content=\"1920\" \/>\n\t<meta property=\"og:image:height\" content=\"1080\" \/>\n\t<meta property=\"og:image:type\" content=\"image\/jpeg\" \/>\n<meta name=\"twitter:card\" content=\"summary_large_image\" \/>\n<script type=\"application\/ld+json\" class=\"yoast-schema-graph\">{\"@context\":\"https:\/\/schema.org\",\"@graph\":[{\"@type\":\"WebPage\",\"@id\":\"https:\/\/cn.basler.com\/de\/e%c2%b2-ingenieurdienstleistungen\/elektrischer-systementwurf\/\",\"url\":\"https:\/\/cn.basler.com\/de\/e%c2%b2-ingenieurdienstleistungen\/elektrischer-systementwurf\/\",\"name\":\"Elektrischer Systementwurf | Basler Electric\",\"isPartOf\":{\"@id\":\"https:\/\/catalog.basler.com\/#website\"},\"datePublished\":\"2025-07-15T03:49:30+00:00\",\"dateModified\":\"2025-09-10T22:17:48+00:00\",\"breadcrumb\":{\"@id\":\"https:\/\/cn.basler.com\/de\/e%c2%b2-ingenieurdienstleistungen\/elektrischer-systementwurf\/#breadcrumb\"},\"inLanguage\":\"de-DE\",\"potentialAction\":[{\"@type\":\"ReadAction\",\"target\":[\"https:\/\/cn.basler.com\/de\/e%c2%b2-ingenieurdienstleistungen\/elektrischer-systementwurf\/\"]}]},{\"@type\":\"BreadcrumbList\",\"@id\":\"https:\/\/cn.basler.com\/de\/e%c2%b2-ingenieurdienstleistungen\/elektrischer-systementwurf\/#breadcrumb\",\"itemListElement\":[{\"@type\":\"ListItem\",\"position\":1,\"name\":\"Home\",\"item\":\"https:\/\/e2powersystems.com\/de\/\"},{\"@type\":\"ListItem\",\"position\":2,\"name\":\"E\u00b2 Ingenieurdienstleistungen\",\"item\":\"https:\/\/www.basler.com\/de\/e%c2%b2-ingenieurdienstleistungen\/\"},{\"@type\":\"ListItem\",\"position\":3,\"name\":\"Elektrischer Systementwurf\"}]},{\"@type\":\"WebSite\",\"@id\":\"https:\/\/catalog.basler.com\/#website\",\"url\":\"https:\/\/catalog.basler.com\/\",\"name\":\"Basler Electric\",\"description\":\"\",\"publisher\":{\"@id\":\"https:\/\/catalog.basler.com\/#organization\"},\"potentialAction\":[{\"@type\":\"SearchAction\",\"target\":{\"@type\":\"EntryPoint\",\"urlTemplate\":\"https:\/\/catalog.basler.com\/?s={search_term_string}\"},\"query-input\":{\"@type\":\"PropertyValueSpecification\",\"valueRequired\":true,\"valueName\":\"search_term_string\"}}],\"inLanguage\":\"de-DE\"},{\"@type\":\"Organization\",\"@id\":\"https:\/\/catalog.basler.com\/#organization\",\"name\":\"Basler Electric\",\"url\":\"https:\/\/catalog.basler.com\/\",\"logo\":{\"@type\":\"ImageObject\",\"inLanguage\":\"de-DE\",\"@id\":\"https:\/\/catalog.basler.com\/#\/schema\/logo\/image\/\",\"url\":\"https:\/\/www.basler.com\/wp-content\/uploads\/2025\/10\/Basler-Logo-Favicon.png\",\"contentUrl\":\"https:\/\/www.basler.com\/wp-content\/uploads\/2025\/10\/Basler-Logo-Favicon.png\",\"width\":512,\"height\":512,\"caption\":\"Basler Electric\"},\"image\":{\"@id\":\"https:\/\/catalog.basler.com\/#\/schema\/logo\/image\/\"}}]}<\/script>\n<!-- \/ Yoast SEO plugin. -->","yoast_head_json":{"title":"Elektrischer Systementwurf | Basler Electric","robots":{"index":"index","follow":"follow","max-snippet":"max-snippet:-1","max-image-preview":"max-image-preview:large","max-video-preview":"max-video-preview:-1"},"canonical":"https:\/\/cn.basler.com\/de\/e%c2%b2-ingenieurdienstleistungen\/elektrischer-systementwurf\/","og_locale":"de_DE","og_type":"article","og_title":"Elektrischer Systementwurf | Basler Electric","og_url":"https:\/\/cn.basler.com\/de\/e%c2%b2-ingenieurdienstleistungen\/elektrischer-systementwurf\/","og_site_name":"Basler Electric","article_modified_time":"2025-09-10T22:17:48+00:00","og_image":[{"width":1920,"height":1080,"url":"https:\/\/cn.basler.com\/wp-content\/uploads\/2025\/07\/Basler-Default-Image.jpg","type":"image\/jpeg"}],"twitter_card":"summary_large_image","schema":{"@context":"https:\/\/schema.org","@graph":[{"@type":"WebPage","@id":"https:\/\/cn.basler.com\/de\/e%c2%b2-ingenieurdienstleistungen\/elektrischer-systementwurf\/","url":"https:\/\/cn.basler.com\/de\/e%c2%b2-ingenieurdienstleistungen\/elektrischer-systementwurf\/","name":"Elektrischer Systementwurf | Basler Electric","isPartOf":{"@id":"https:\/\/catalog.basler.com\/#website"},"datePublished":"2025-07-15T03:49:30+00:00","dateModified":"2025-09-10T22:17:48+00:00","breadcrumb":{"@id":"https:\/\/cn.basler.com\/de\/e%c2%b2-ingenieurdienstleistungen\/elektrischer-systementwurf\/#breadcrumb"},"inLanguage":"de-DE","potentialAction":[{"@type":"ReadAction","target":["https:\/\/cn.basler.com\/de\/e%c2%b2-ingenieurdienstleistungen\/elektrischer-systementwurf\/"]}]},{"@type":"BreadcrumbList","@id":"https:\/\/cn.basler.com\/de\/e%c2%b2-ingenieurdienstleistungen\/elektrischer-systementwurf\/#breadcrumb","itemListElement":[{"@type":"ListItem","position":1,"name":"Home","item":"https:\/\/e2powersystems.com\/de\/"},{"@type":"ListItem","position":2,"name":"E\u00b2 Ingenieurdienstleistungen","item":"https:\/\/www.basler.com\/de\/e%c2%b2-ingenieurdienstleistungen\/"},{"@type":"ListItem","position":3,"name":"Elektrischer Systementwurf"}]},{"@type":"WebSite","@id":"https:\/\/catalog.basler.com\/#website","url":"https:\/\/catalog.basler.com\/","name":"Basler Electric","description":"","publisher":{"@id":"https:\/\/catalog.basler.com\/#organization"},"potentialAction":[{"@type":"SearchAction","target":{"@type":"EntryPoint","urlTemplate":"https:\/\/catalog.basler.com\/?s={search_term_string}"},"query-input":{"@type":"PropertyValueSpecification","valueRequired":true,"valueName":"search_term_string"}}],"inLanguage":"de-DE"},{"@type":"Organization","@id":"https:\/\/catalog.basler.com\/#organization","name":"Basler Electric","url":"https:\/\/catalog.basler.com\/","logo":{"@type":"ImageObject","inLanguage":"de-DE","@id":"https:\/\/catalog.basler.com\/#\/schema\/logo\/image\/","url":"https:\/\/www.basler.com\/wp-content\/uploads\/2025\/10\/Basler-Logo-Favicon.png","contentUrl":"https:\/\/www.basler.com\/wp-content\/uploads\/2025\/10\/Basler-Logo-Favicon.png","width":512,"height":512,"caption":"Basler Electric"},"image":{"@id":"https:\/\/catalog.basler.com\/#\/schema\/logo\/image\/"}}]}},"_links":{"self":[{"href":"https:\/\/cn.basler.com\/de\/wp-json\/wp\/v2\/pages\/53908","targetHints":{"allow":["GET"]}}],"collection":[{"href":"https:\/\/cn.basler.com\/de\/wp-json\/wp\/v2\/pages"}],"about":[{"href":"https:\/\/cn.basler.com\/de\/wp-json\/wp\/v2\/types\/page"}],"author":[{"embeddable":true,"href":"https:\/\/cn.basler.com\/de\/wp-json\/wp\/v2\/users\/1"}],"replies":[{"embeddable":true,"href":"https:\/\/cn.basler.com\/de\/wp-json\/wp\/v2\/comments?post=53908"}],"version-history":[{"count":1,"href":"https:\/\/cn.basler.com\/de\/wp-json\/wp\/v2\/pages\/53908\/revisions"}],"predecessor-version":[{"id":53910,"href":"https:\/\/cn.basler.com\/de\/wp-json\/wp\/v2\/pages\/53908\/revisions\/53910"}],"up":[{"embeddable":true,"href":"https:\/\/cn.basler.com\/de\/wp-json\/wp\/v2\/pages\/53612"}],"wp:attachment":[{"href":"https:\/\/cn.basler.com\/de\/wp-json\/wp\/v2\/media?parent=53908"}],"curies":[{"name":"wp","href":"https:\/\/api.w.org\/{rel}","templated":true}]}}